{"id":1617,"date":"2024-08-13T03:08:36","date_gmt":"2024-08-13T03:08:36","guid":{"rendered":"https:\/\/drivejapan.travel\/conditions-generales-dutilisation\/"},"modified":"2024-08-14T07:39:41","modified_gmt":"2024-08-14T07:39:41","slug":"conditions-generales-dutilisation","status":"publish","type":"page","link":"https:\/\/drivejapan.travel\/fr\/conditions-generales-dutilisation\/","title":{"rendered":"Conditions g\u00e9n\u00e9rales d&#8217;utilisation"},"content":{"rendered":"\t\t<div data-elementor-type=\"wp-page\" data-elementor-id=\"1617\" class=\"elementor elementor-1617\" data-elementor-post-type=\"page\">\n\t\t\t\t<div class=\"elementor-element elementor-element-e722190 e-con-full e-flex e-con e-parent\" data-id=\"e722190\" data-element_type=\"container\" data-e-type=\"container\">\n\t\t<div class=\"elementor-element elementor-element-6b0d1b6 e-flex e-con-boxed e-con e-child\" data-id=\"6b0d1b6\" data-element_type=\"container\" data-e-type=\"container\" data-settings=\"{&quot;background_background&quot;:&quot;classic&quot;}\">\n\t\t\t\t\t<div class=\"e-con-inner\">\n\t\t<div class=\"elementor-element elementor-element-fe0db2e e-con-full e-flex e-con e-child\" data-id=\"fe0db2e\" data-element_type=\"container\" data-e-type=\"container\">\n\t\t<div class=\"elementor-element elementor-element-519a498 e-con-full e-flex e-con e-child\" data-id=\"519a498\" data-element_type=\"container\" data-e-type=\"container\">\n\t\t<div class=\"elementor-element elementor-element-2e91d50 e-con-full e-flex e-con e-child\" data-id=\"2e91d50\" data-element_type=\"container\" data-e-type=\"container\">\n\t\t\t\t<div class=\"elementor-element elementor-element-830a0bf elementor-widget__width-auto elementor-widget elementor-widget-image\" data-id=\"830a0bf\" data-element_type=\"widget\" data-e-type=\"widget\" data-widget_type=\"image.default\">\n\t\t\t\t<div class=\"elementor-widget-container\">\n\t\t\t\t\t\t\t\t\t\t\t\t\t\t\t<img decoding=\"async\" width=\"200\" height=\"200\" src=\"https:\/\/drivejapan.travel\/wp-content\/uploads\/2024\/08\/sign-accent-1.png\" class=\"attachment-large size-large wp-image-556\" alt=\"\" srcset=\"https:\/\/drivejapan.travel\/wp-content\/uploads\/2024\/08\/sign-accent-1.png 200w, https:\/\/drivejapan.travel\/wp-content\/uploads\/2024\/08\/sign-accent-1-100x100.png 100w, https:\/\/drivejapan.travel\/wp-content\/uploads\/2024\/08\/sign-accent-1-150x150.png 150w\" sizes=\"(max-width: 200px) 100vw, 200px\" \/>\t\t\t\t\t\t\t\t\t\t\t\t\t\t\t<\/div>\n\t\t\t\t<\/div>\n\t\t\t\t<\/div>\n\t\t\t\t<\/div>\n\t\t<div class=\"elementor-element elementor-element-c9a69a2 e-con-full e-flex e-con e-child\" data-id=\"c9a69a2\" data-element_type=\"container\" data-e-type=\"container\">\n\t\t\t\t<div class=\"elementor-element elementor-element-dcdc2c9 elementor-icon-list--layout-inline elementor-align-end elementor-list-item-link-full_width elementor-widget elementor-widget-icon-list\" data-id=\"dcdc2c9\" data-element_type=\"widget\" data-e-type=\"widget\" data-widget_type=\"icon-list.default\">\n\t\t\t\t<div class=\"elementor-widget-container\">\n\t\t\t\t\t\t\t<ul class=\"elementor-icon-list-items elementor-inline-items\">\n\t\t\t\t\t\t\t<li class=\"elementor-icon-list-item elementor-inline-item\">\n\t\t\t\t\t\t\t\t\t\t\t<a href=\"https:\/\/drivejapan.travel\/fr\/\">\n\n\t\t\t\t\t\t\t\t\t\t\t<span class=\"elementor-icon-list-text\">Accueil<\/span>\n\t\t\t\t\t\t\t\t\t\t\t<\/a>\n\t\t\t\t\t\t\t\t\t<\/li>\n\t\t\t\t\t\t\t\t<li class=\"elementor-icon-list-item elementor-inline-item\">\n\t\t\t\t\t\t\t\t\t\t\t<span class=\"elementor-icon-list-icon\">\n\t\t\t\t\t\t\t<svg aria-hidden=\"true\" class=\"e-font-icon-svg e-fas-arrow-alt-circle-right\" viewBox=\"0 0 512 512\" xmlns=\"http:\/\/www.w3.org\/2000\/svg\"><path d=\"M256 8c137 0 248 111 248 248S393 504 256 504 8 393 8 256 119 8 256 8zM140 300h116v70.9c0 10.7 13 16.1 20.5 8.5l114.3-114.9c4.7-4.7 4.7-12.2 0-16.9l-114.3-115c-7.6-7.6-20.5-2.2-20.5 8.5V212H140c-6.6 0-12 5.4-12 12v64c0 6.6 5.4 12 12 12z\"><\/path><\/svg>\t\t\t\t\t\t<\/span>\n\t\t\t\t\t\t\t\t\t\t<span class=\"elementor-icon-list-text\"><\/span>\n\t\t\t\t\t\t\t\t\t<\/li>\n\t\t\t\t\t\t<\/ul>\n\t\t\t\t\t\t<\/div>\n\t\t\t\t<\/div>\n\t\t\t\t<\/div>\n\t\t\t\t<\/div>\n\t\t\t\t\t<\/div>\n\t\t\t\t<\/div>\n\t\t\t\t<\/div>\n\t\t<div class=\"elementor-element elementor-element-65657cd e-con-full e-flex e-con e-parent\" data-id=\"65657cd\" data-element_type=\"container\" data-e-type=\"container\">\n\t\t<div class=\"elementor-element elementor-element-0e3e500 e-flex e-con-boxed e-con e-child\" data-id=\"0e3e500\" data-element_type=\"container\" data-e-type=\"container\" data-settings=\"{&quot;background_background&quot;:&quot;classic&quot;}\">\n\t\t\t\t\t<div class=\"e-con-inner\">\n\t\t<div class=\"elementor-element elementor-element-269e5a9 e-flex e-con-boxed e-con e-child\" data-id=\"269e5a9\" data-element_type=\"container\" data-e-type=\"container\" data-settings=\"{&quot;background_background&quot;:&quot;classic&quot;}\">\n\t\t\t\t\t<div class=\"e-con-inner\">\n\t\t<div class=\"elementor-element elementor-element-99b4336 e-flex e-con-boxed e-con e-child\" data-id=\"99b4336\" data-element_type=\"container\" data-e-type=\"container\">\n\t\t\t\t\t<div class=\"e-con-inner\">\n\t\t\t\t<div class=\"elementor-element elementor-element-d7c54cd elementor-widget elementor-widget-text-editor\" data-id=\"d7c54cd\" data-element_type=\"widget\" data-e-type=\"widget\" data-widget_type=\"text-editor.default\">\n\t\t\t\t<div class=\"elementor-widget-container\">\n\t\t\t\t\t\t\t\t\t<p>Vous trouverez ci-dessous les conditions g\u00e9n\u00e9rales d&#8217;utilisation de <a data-v-79552c98=\"\">Drive Japan<\/a> (accessible via <a href=\"http:\/\/drivejapan.travel\" data-v-79552c98=\"\">drivejapan.travel <\/a>).<\/p>\n<p><strong>Traitement des demandes :<\/strong><br \/>L&#8217;entreprise traite les demandes sur la base des sp\u00e9cifications et des demandes des clients, mais n&#8217;est pas responsable des erreurs dans les informations fournies par le client.<br \/>\nL&#8217;entreprise s&#8217;efforce d&#8217;obtenir des traductions exactes dans les d\u00e9lais impartis, mais elle n&#8217;est pas responsable des probl\u00e8mes li\u00e9s \u00e0 la F\u00e9d\u00e9ration japonaise de l&#8217;automobile, notamment le refus de d\u00e9livrer ou d&#8217;accepter une traduction, les erreurs dans la traduction ou les retards dans le traitement de la demande.<br \/>\nLa traduction n&#8217;est valable que si elle est jointe \u00e0 un permis de conduire existant de Suisse, de France, de Belgique, d&#8217;Allemagne, de Monaco et de Ta\u00efwan.<br \/>\nElle ne peut pas \u00eatre utilis\u00e9e pour obtenir un permis de conduire japonais.   <\/p>\n<p>Si des erreurs ou des omissions de la part de la soci\u00e9t\u00e9 entra\u00eenent les probl\u00e8mes susmentionn\u00e9s, la responsabilit\u00e9 de la soci\u00e9t\u00e9 se limite au co\u00fbt d&#8217;une traduction de remplacement ou au remboursement des frais pay\u00e9s.<br \/>\nL&#8217;entreprise n&#8217;est pas responsable des pertes indirectes, y compris, mais sans s&#8217;y limiter, les pertes de b\u00e9n\u00e9fices, les frais de location ou les amendes. <\/p>\n<p><strong>Droits d&#8217;annulation :<\/strong><br \/>En soumettant une demande en ligne, vous consentez au traitement imm\u00e9diat de votre demande et renoncez \u00e0 tout droit d&#8217;annulation.<br \/>\nEn effet, le droit suisse ne pr\u00e9voit pas de droit d&#8217;annulation ou d&#8217;\u00e9change.<br \/>\nLe principe &#8220;pacta sunt servanda&#8221; (latin pour &#8220;les accords doivent \u00eatre maintenus&#8221;) s&#8217;applique.  <\/p>\n<p><strong>Propri\u00e9t\u00e9 :<\/strong><br \/>Ce site web, drivejapan.travel, est d\u00e9tenu et exploit\u00e9 par Drive Japan.<br \/>\nSi vous n&#8217;\u00eates pas d&#8217;accord avec ces conditions, veuillez ne pas utiliser ce site. <\/p>\n<p><strong>Limites d&#8217;utilisation :<\/strong><br \/>Il vous est interdit d&#8217;utiliser ce site ou les services offerts \u00e0 des fins de gain personnel ou de vendre, de fournir ou de tirer profit de services ou d&#8217;informations obtenus par l&#8217;interm\u00e9diaire du site.<\/p>\n<p><strong>S\u00e9curit\u00e9 :<\/strong><br \/>Nous nous r\u00e9servons le droit de mettre en \u0153uvre de nouvelles mesures de s\u00e9curit\u00e9, de restreindre temporairement l&#8217;acc\u00e8s ou de prendre les mesures n\u00e9cessaires pour prot\u00e9ger la s\u00e9curit\u00e9 et l&#8217;int\u00e9grit\u00e9 du site.<\/p>\n<p><strong>Exactitude et contenu du site :<\/strong><br \/>Bien que nous fassions preuve d&#8217;un soin raisonnable dans la compilation des informations sur le site, certaines donn\u00e9es peuvent provenir de tiers.<br \/>\nNous ne garantissons pas leur exactitude et ne sommes pas responsables des erreurs ou des omissions.<br \/>\nLes informations sont fournies &#8220;en l&#8217;\u00e9tat&#8221; et le contenu du site peut \u00eatre modifi\u00e9 sans pr\u00e9avis.  <\/p>\n<p><strong>Licence limit\u00e9e et propri\u00e9t\u00e9 :<\/strong><br \/>Vous pouvez t\u00e9l\u00e9charger et imprimer des documents de ce site pour un usage personnel et non commercial, \u00e0 condition que toutes les mentions de copyright et de propri\u00e9t\u00e9 restent intactes.<br \/>\nToute autre utilisation, y compris le cadrage ou la cr\u00e9ation d&#8217;un miroir du site, est strictement interdite.<br \/>\nLa licence limit\u00e9e est subordonn\u00e9e au respect des pr\u00e9sentes conditions.  <\/p>\n<p><strong>Logiciels :<\/strong><br \/>Tout logiciel disponible pour le t\u00e9l\u00e9chargement nous appartient ou est sous licence et est fourni pour \u00eatre utilis\u00e9 conform\u00e9ment \u00e0 la licence de l&#8217;utilisateur final ou aux pr\u00e9sentes conditions.<\/p>\n<p><strong>Propri\u00e9t\u00e9 intellectuelle :<\/strong><br \/>Tous les droits de propri\u00e9t\u00e9 intellectuelle relatifs \u00e0 ce site sont r\u00e9serv\u00e9s \u00e0 <a href=\"http:\/\/drivejapan.travel\" target=\"_blank\" rel=\"noopener\">drivejapan.travel<\/a> ou aux propri\u00e9taires respectifs des marques, noms et logos figurant sur le site.<\/p>\n<p><strong>Votre consentement :<\/strong><br \/>En utilisant ce site, vous consentez \u00e0 ce que drivejapan.travel traite et transf\u00e8re vos donn\u00e9es si n\u00e9cessaire pour vous fournir des services et vous permettre d&#8217;utiliser le site.<\/p>\n<p><strong>Politique de livraison :<\/strong><br \/>Notre politique de livraison explique comment nous fournissons le service de traitement propos\u00e9 sur notre site web.<br \/>\ndrivejapan.travel est une agence priv\u00e9e de traitement des donn\u00e9es relatives aux demandes de traduction, non affili\u00e9e au gouvernement du Japon.<br \/>\nNous traitons les donn\u00e9es des demandes des clients mais ne garantissons pas l&#8217;acceptation des demandes.<br \/>\nLes clients sont tenus de fournir des informations exactes et nous ne sommes pas responsables des demandes rejet\u00e9es en raison d&#8217;informations incorrectes ou non valides.   <\/p>\n<p><strong>Clause de non-responsabilit\u00e9 et limitation de la responsabilit\u00e9 :<\/strong><br \/>Ce site est fourni sans garantie et nous d\u00e9clinons toute responsabilit\u00e9 en cas d&#8217;erreurs, d&#8217;inexactitudes ou d&#8217;interruptions.<br \/>\nNotre responsabilit\u00e9 est limit\u00e9e \u00e0 10 francs suisses par r\u00e9clamation, \u00e0 l&#8217;exception des pertes ou dommages dus \u00e0 la mort, aux blessures corporelles ou \u00e0 la fraude.<br \/>\nLes droits des consommateurs ne sont pas affect\u00e9s.  <\/p>\n<p><strong>Politique de remboursement :<\/strong><br \/>Aucun remboursement n&#8217;est pr\u00e9vu si la Japan Automobile Federation refuse votre candidature, car nous sommes une soci\u00e9t\u00e9 priv\u00e9e non affili\u00e9e \u00e0 des entit\u00e9s gouvernementales.<br \/>\nNous n&#8217;acceptons ni annulation ni remboursement. <\/p>\n<p><strong>Divisibilit\u00e9 :<\/strong><br \/>Si l&#8217;une des dispositions des pr\u00e9sentes conditions est jug\u00e9e invalide, les autres dispositions restent en vigueur.<br \/>\nLes dispositions invalides seront modifi\u00e9es afin de pr\u00e9server leur intention. <\/p>\n<p><strong>Int\u00e9gralit\u00e9 de l&#8217;accord :<\/strong><br \/>Les pr\u00e9sentes conditions constituent l&#8217;int\u00e9gralit\u00e9 de l&#8217;accord entre nous concernant votre utilisation de ce site et remplacent tous les accords ant\u00e9rieurs.<\/p>\n<p><strong>Modification des conditions :<\/strong><br \/>Nous pouvons modifier ces conditions sans pr\u00e9avis et la poursuite de l&#8217;utilisation du site vaut acceptation des conditions modifi\u00e9es.<\/p>\n<p><strong>\u00c0 propos de nous :<\/strong><br \/>Ce site est fourni par Japan Driving, avec des heures d&#8217;ouverture de 0900 \u00e0 1700 les jours de semaine, \u00e0 l&#8217;exclusion des jours f\u00e9ri\u00e9s.<br \/>\nNous sommes situ\u00e9s \u00e0 Suurstoffi, 6343 Risch-Rotkreuz, Suisse. <\/p>\n<p><strong>Divers :<\/strong><br \/>Les pr\u00e9sentes conditions ne cr\u00e9ent pas de relation de partenariat ou d&#8217;emploi.<br \/>\nVous ne pouvez pas transf\u00e9rer vos droits en vertu des pr\u00e9sentes conditions sans notre consentement.<br \/>\nLes titres ne sont donn\u00e9s qu&#8217;\u00e0 des fins de commodit\u00e9.  <\/p>\n<p><strong>R\u00e9siliation :<\/strong><br \/>Nous pouvons bloquer votre acc\u00e8s \u00e0 ce site sans pr\u00e9avis si vous ne respectez pas les pr\u00e9sentes conditions.<\/p>\n<p><strong>Droits des tiers :<\/strong><br \/>Aucun tiers n&#8217;a de droits en vertu des pr\u00e9sentes conditions.<\/p>\n<p><strong>Droit applicable :<\/strong><br \/>Le droit suisse r\u00e9git l&#8217;utilisation de ce site et les litiges sont soumis aux tribunaux suisses.<\/p>\n<p><strong>Exigences suppl\u00e9mentaires :<\/strong><br \/>Consultez la F\u00e9d\u00e9ration japonaise de l&#8217;automobile comp\u00e9tente pour conna\u00eetre les exigences sp\u00e9cifiques.<br \/>\nNous ne sommes pas responsables de l&#8217;impossibilit\u00e9 de conduire ou de louer une voiture en raison de documents manquants. <\/p>\n<p><strong>Autorisation pour les commandes professionnelles :<\/strong><br \/>Les commandes professionnelles et commerciales n\u00e9cessitent une autorisation pr\u00e9alable de la part de drivejapan.travel.<br \/>\nLes commandes non autoris\u00e9es peuvent \u00eatre annul\u00e9es.<br \/>\nLes conditions d&#8217;autorisation peuvent changer et les entreprises doivent s&#8217;y conformer.  <\/p>\n\t\t\t\t\t\t\t\t<\/div>\n\t\t\t\t<\/div>\n\t\t\t\t\t<\/div>\n\t\t\t\t<\/div>\n\t\t\t\t\t<\/div>\n\t\t\t\t<\/div>\n\t\t\t\t\t<\/div>\n\t\t\t\t<\/div>\n\t\t\t\t<\/div>\n\t\t\t\t<\/div>\n\t\t","protected":false},"excerpt":{"rendered":"<p>Accueil Vous trouverez ci-dessous les conditions g\u00e9n\u00e9rales d&#8217;utilisation de Drive Japan (accessible via drivejapan.travel ). Traitement des demandes :L&#8217;entreprise traite les demandes sur la base des sp\u00e9cifications et des demandes des clients, mais n&#8217;est pas responsable des erreurs dans les informations fournies par le client. L&#8217;entreprise s&#8217;efforce d&#8217;obtenir des traductions exactes dans les d\u00e9lais impartis, [&hellip;]<\/p>\n","protected":false},"author":1,"featured_media":0,"parent":0,"menu_order":0,"comment_status":"closed","ping_status":"closed","template":"","meta":{"_glsr_average":0,"_glsr_ranking":0,"_glsr_reviews":0,"footnotes":""},"class_list":["post-1617","page","type-page","status-publish","hentry"],"yoast_head":"<!-- This site is optimized with the Yoast SEO plugin v23.5 - https:\/\/yoast.com\/wordpress\/plugins\/seo\/ -->\n<title>Conditions g\u00e9n\u00e9rales d&#039;utilisation - Drive Japan<\/title>\n<meta name=\"robots\" content=\"index, follow, max-snippet:-1, max-image-preview:large, max-video-preview:-1\" \/>\n<link rel=\"canonical\" href=\"https:\/\/drivejapan.travel\/fr\/conditions-generales-dutilisation\/\" \/>\n<meta property=\"og:locale\" content=\"fr_FR\" \/>\n<meta property=\"og:type\" content=\"article\" \/>\n<meta property=\"og:title\" content=\"Conditions g\u00e9n\u00e9rales d&#039;utilisation - Drive Japan\" \/>\n<meta property=\"og:description\" content=\"Accueil Vous trouverez ci-dessous les conditions g\u00e9n\u00e9rales d&#8217;utilisation de Drive Japan (accessible via drivejapan.travel ). Traitement des demandes :L&#8217;entreprise traite les demandes sur la base des sp\u00e9cifications et des demandes des clients, mais n&#8217;est pas responsable des erreurs dans les informations fournies par le client. L&#8217;entreprise s&#8217;efforce d&#8217;obtenir des traductions exactes dans les d\u00e9lais impartis, [&hellip;]\" \/>\n<meta property=\"og:url\" content=\"https:\/\/drivejapan.travel\/fr\/conditions-generales-dutilisation\/\" \/>\n<meta property=\"og:site_name\" content=\"Drive Japan\" \/>\n<meta property=\"article:modified_time\" content=\"2024-08-14T07:39:41+00:00\" \/>\n<meta property=\"og:image\" content=\"https:\/\/drivejapan.travel\/wp-content\/uploads\/2024\/08\/sign-accent-1.png\" \/>\n<meta name=\"twitter:card\" content=\"summary_large_image\" \/>\n<meta name=\"twitter:label1\" content=\"Dur\u00e9e de lecture estim\u00e9e\" \/>\n\t<meta name=\"twitter:data1\" content=\"5 minutes\" \/>\n<script type=\"application\/ld+json\" class=\"yoast-schema-graph\">{\"@context\":\"https:\/\/schema.org\",\"@graph\":[{\"@type\":\"WebPage\",\"@id\":\"https:\/\/drivejapan.travel\/fr\/conditions-generales-dutilisation\/\",\"url\":\"https:\/\/drivejapan.travel\/fr\/conditions-generales-dutilisation\/\",\"name\":\"Conditions g\u00e9n\u00e9rales d'utilisation - Drive Japan\",\"isPartOf\":{\"@id\":\"https:\/\/drivejapan.travel\/#website\"},\"primaryImageOfPage\":{\"@id\":\"https:\/\/drivejapan.travel\/fr\/conditions-generales-dutilisation\/#primaryimage\"},\"image\":{\"@id\":\"https:\/\/drivejapan.travel\/fr\/conditions-generales-dutilisation\/#primaryimage\"},\"thumbnailUrl\":\"https:\/\/drivejapan.travel\/wp-content\/uploads\/2024\/08\/sign-accent-1.png\",\"datePublished\":\"2024-08-13T03:08:36+00:00\",\"dateModified\":\"2024-08-14T07:39:41+00:00\",\"breadcrumb\":{\"@id\":\"https:\/\/drivejapan.travel\/fr\/conditions-generales-dutilisation\/#breadcrumb\"},\"inLanguage\":\"fr-FR\",\"potentialAction\":[{\"@type\":\"ReadAction\",\"target\":[\"https:\/\/drivejapan.travel\/fr\/conditions-generales-dutilisation\/\"]}]},{\"@type\":\"ImageObject\",\"inLanguage\":\"fr-FR\",\"@id\":\"https:\/\/drivejapan.travel\/fr\/conditions-generales-dutilisation\/#primaryimage\",\"url\":\"https:\/\/drivejapan.travel\/wp-content\/uploads\/2024\/08\/sign-accent-1.png\",\"contentUrl\":\"https:\/\/drivejapan.travel\/wp-content\/uploads\/2024\/08\/sign-accent-1.png\"},{\"@type\":\"BreadcrumbList\",\"@id\":\"https:\/\/drivejapan.travel\/fr\/conditions-generales-dutilisation\/#breadcrumb\",\"itemListElement\":[{\"@type\":\"ListItem\",\"position\":1,\"name\":\"Home\",\"item\":\"https:\/\/drivejapan.travel\/fr\/accueil\/\"},{\"@type\":\"ListItem\",\"position\":2,\"name\":\"Conditions g\u00e9n\u00e9rales d&#8217;utilisation\"}]},{\"@type\":\"WebSite\",\"@id\":\"https:\/\/drivejapan.travel\/#website\",\"url\":\"https:\/\/drivejapan.travel\/\",\"name\":\"Drive Japan\",\"description\":\"Official Japanese Driver\u2019s License Translations\",\"publisher\":{\"@id\":\"https:\/\/drivejapan.travel\/#organization\"},\"potentialAction\":[{\"@type\":\"SearchAction\",\"target\":{\"@type\":\"EntryPoint\",\"urlTemplate\":\"https:\/\/drivejapan.travel\/?s={search_term_string}\"},\"query-input\":{\"@type\":\"PropertyValueSpecification\",\"valueRequired\":true,\"valueName\":\"search_term_string\"}}],\"inLanguage\":\"fr-FR\"},{\"@type\":\"Organization\",\"@id\":\"https:\/\/drivejapan.travel\/#organization\",\"name\":\"Drive Japan\",\"url\":\"https:\/\/drivejapan.travel\/\",\"logo\":{\"@type\":\"ImageObject\",\"inLanguage\":\"fr-FR\",\"@id\":\"https:\/\/drivejapan.travel\/#\/schema\/logo\/image\/\",\"url\":\"https:\/\/drivejapan.travel\/wp-content\/uploads\/2024\/08\/Asset-2.png\",\"contentUrl\":\"https:\/\/drivejapan.travel\/wp-content\/uploads\/2024\/08\/Asset-2.png\",\"width\":275,\"height\":199,\"caption\":\"Drive Japan\"},\"image\":{\"@id\":\"https:\/\/drivejapan.travel\/#\/schema\/logo\/image\/\"}}]}<\/script>\n<!-- \/ Yoast SEO plugin. -->","yoast_head_json":{"title":"Conditions g\u00e9n\u00e9rales d'utilisation - Drive Japan","robots":{"index":"index","follow":"follow","max-snippet":"max-snippet:-1","max-image-preview":"max-image-preview:large","max-video-preview":"max-video-preview:-1"},"canonical":"https:\/\/drivejapan.travel\/fr\/conditions-generales-dutilisation\/","og_locale":"fr_FR","og_type":"article","og_title":"Conditions g\u00e9n\u00e9rales d'utilisation - Drive Japan","og_description":"Accueil Vous trouverez ci-dessous les conditions g\u00e9n\u00e9rales d&#8217;utilisation de Drive Japan (accessible via drivejapan.travel ). Traitement des demandes :L&#8217;entreprise traite les demandes sur la base des sp\u00e9cifications et des demandes des clients, mais n&#8217;est pas responsable des erreurs dans les informations fournies par le client. L&#8217;entreprise s&#8217;efforce d&#8217;obtenir des traductions exactes dans les d\u00e9lais impartis, [&hellip;]","og_url":"https:\/\/drivejapan.travel\/fr\/conditions-generales-dutilisation\/","og_site_name":"Drive Japan","article_modified_time":"2024-08-14T07:39:41+00:00","og_image":[{"url":"https:\/\/drivejapan.travel\/wp-content\/uploads\/2024\/08\/sign-accent-1.png"}],"twitter_card":"summary_large_image","twitter_misc":{"Dur\u00e9e de lecture estim\u00e9e":"5 minutes"},"schema":{"@context":"https:\/\/schema.org","@graph":[{"@type":"WebPage","@id":"https:\/\/drivejapan.travel\/fr\/conditions-generales-dutilisation\/","url":"https:\/\/drivejapan.travel\/fr\/conditions-generales-dutilisation\/","name":"Conditions g\u00e9n\u00e9rales d'utilisation - Drive Japan","isPartOf":{"@id":"https:\/\/drivejapan.travel\/#website"},"primaryImageOfPage":{"@id":"https:\/\/drivejapan.travel\/fr\/conditions-generales-dutilisation\/#primaryimage"},"image":{"@id":"https:\/\/drivejapan.travel\/fr\/conditions-generales-dutilisation\/#primaryimage"},"thumbnailUrl":"https:\/\/drivejapan.travel\/wp-content\/uploads\/2024\/08\/sign-accent-1.png","datePublished":"2024-08-13T03:08:36+00:00","dateModified":"2024-08-14T07:39:41+00:00","breadcrumb":{"@id":"https:\/\/drivejapan.travel\/fr\/conditions-generales-dutilisation\/#breadcrumb"},"inLanguage":"fr-FR","potentialAction":[{"@type":"ReadAction","target":["https:\/\/drivejapan.travel\/fr\/conditions-generales-dutilisation\/"]}]},{"@type":"ImageObject","inLanguage":"fr-FR","@id":"https:\/\/drivejapan.travel\/fr\/conditions-generales-dutilisation\/#primaryimage","url":"https:\/\/drivejapan.travel\/wp-content\/uploads\/2024\/08\/sign-accent-1.png","contentUrl":"https:\/\/drivejapan.travel\/wp-content\/uploads\/2024\/08\/sign-accent-1.png"},{"@type":"BreadcrumbList","@id":"https:\/\/drivejapan.travel\/fr\/conditions-generales-dutilisation\/#breadcrumb","itemListElement":[{"@type":"ListItem","position":1,"name":"Home","item":"https:\/\/drivejapan.travel\/fr\/accueil\/"},{"@type":"ListItem","position":2,"name":"Conditions g\u00e9n\u00e9rales d&#8217;utilisation"}]},{"@type":"WebSite","@id":"https:\/\/drivejapan.travel\/#website","url":"https:\/\/drivejapan.travel\/","name":"Drive Japan","description":"Official Japanese Driver\u2019s License Translations","publisher":{"@id":"https:\/\/drivejapan.travel\/#organization"},"potentialAction":[{"@type":"SearchAction","target":{"@type":"EntryPoint","urlTemplate":"https:\/\/drivejapan.travel\/?s={search_term_string}"},"query-input":{"@type":"PropertyValueSpecification","valueRequired":true,"valueName":"search_term_string"}}],"inLanguage":"fr-FR"},{"@type":"Organization","@id":"https:\/\/drivejapan.travel\/#organization","name":"Drive Japan","url":"https:\/\/drivejapan.travel\/","logo":{"@type":"ImageObject","inLanguage":"fr-FR","@id":"https:\/\/drivejapan.travel\/#\/schema\/logo\/image\/","url":"https:\/\/drivejapan.travel\/wp-content\/uploads\/2024\/08\/Asset-2.png","contentUrl":"https:\/\/drivejapan.travel\/wp-content\/uploads\/2024\/08\/Asset-2.png","width":275,"height":199,"caption":"Drive Japan"},"image":{"@id":"https:\/\/drivejapan.travel\/#\/schema\/logo\/image\/"}}]}},"_links":{"self":[{"href":"https:\/\/drivejapan.travel\/fr\/wp-json\/wp\/v2\/pages\/1617"}],"collection":[{"href":"https:\/\/drivejapan.travel\/fr\/wp-json\/wp\/v2\/pages"}],"about":[{"href":"https:\/\/drivejapan.travel\/fr\/wp-json\/wp\/v2\/types\/page"}],"author":[{"embeddable":true,"href":"https:\/\/drivejapan.travel\/fr\/wp-json\/wp\/v2\/users\/1"}],"replies":[{"embeddable":true,"href":"https:\/\/drivejapan.travel\/fr\/wp-json\/wp\/v2\/comments?post=1617"}],"version-history":[{"count":2,"href":"https:\/\/drivejapan.travel\/fr\/wp-json\/wp\/v2\/pages\/1617\/revisions"}],"predecessor-version":[{"id":1623,"href":"https:\/\/drivejapan.travel\/fr\/wp-json\/wp\/v2\/pages\/1617\/revisions\/1623"}],"wp:attachment":[{"href":"https:\/\/drivejapan.travel\/fr\/wp-json\/wp\/v2\/media?parent=1617"}],"curies":[{"name":"wp","href":"https:\/\/api.w.org\/{rel}","templated":true}]}}