{"id":1614,"date":"2024-08-03T22:44:20","date_gmt":"2024-08-03T22:44:20","guid":{"rendered":"https:\/\/drivejapan.travel\/comment-conduire-au-japon\/"},"modified":"2024-08-14T07:39:41","modified_gmt":"2024-08-14T07:39:41","slug":"comment-conduire-au-japon","status":"publish","type":"page","link":"https:\/\/drivejapan.travel\/fr\/comment-conduire-au-japon\/","title":{"rendered":"Comment conduire au Japon"},"content":{"rendered":"\t\t<div data-elementor-type=\"wp-page\" data-elementor-id=\"1614\" class=\"elementor elementor-1614\" data-elementor-post-type=\"page\">\n\t\t\t\t<div class=\"elementor-element elementor-element-e5a6deb e-con-full e-flex e-con e-parent\" data-id=\"e5a6deb\" data-element_type=\"container\" data-e-type=\"container\">\n\t\t<div class=\"elementor-element elementor-element-053a872 e-flex e-con-boxed e-con e-child\" data-id=\"053a872\" data-element_type=\"container\" data-e-type=\"container\" data-settings=\"{&quot;background_background&quot;:&quot;classic&quot;}\">\n\t\t\t\t\t<div class=\"e-con-inner\">\n\t\t<div class=\"elementor-element elementor-element-8ed2d4d e-con-full e-flex e-con e-child\" data-id=\"8ed2d4d\" data-element_type=\"container\" data-e-type=\"container\">\n\t\t<div class=\"elementor-element elementor-element-1f15632 e-con-full e-flex e-con e-child\" data-id=\"1f15632\" data-element_type=\"container\" data-e-type=\"container\">\n\t\t<div class=\"elementor-element elementor-element-0208df2 e-con-full e-flex e-con e-child\" data-id=\"0208df2\" data-element_type=\"container\" data-e-type=\"container\">\n\t\t\t\t<div class=\"elementor-element elementor-element-35fcdc5 elementor-widget__width-auto elementor-widget elementor-widget-image\" data-id=\"35fcdc5\" data-element_type=\"widget\" data-e-type=\"widget\" data-widget_type=\"image.default\">\n\t\t\t\t<div class=\"elementor-widget-container\">\n\t\t\t\t\t\t\t\t\t\t\t\t\t\t\t<img decoding=\"async\" width=\"200\" height=\"200\" src=\"https:\/\/drivejapan.travel\/wp-content\/uploads\/2024\/08\/sign-accent-1.png\" class=\"attachment-large size-large wp-image-556\" alt=\"\" srcset=\"https:\/\/drivejapan.travel\/wp-content\/uploads\/2024\/08\/sign-accent-1.png 200w, https:\/\/drivejapan.travel\/wp-content\/uploads\/2024\/08\/sign-accent-1-100x100.png 100w, https:\/\/drivejapan.travel\/wp-content\/uploads\/2024\/08\/sign-accent-1-150x150.png 150w\" sizes=\"(max-width: 200px) 100vw, 200px\" \/>\t\t\t\t\t\t\t\t\t\t\t\t\t\t\t<\/div>\n\t\t\t\t<\/div>\n\t\t\t\t<\/div>\n\t\t\t\t<div class=\"elementor-element elementor-element-989bf09 elementor-widget elementor-widget-text-editor\" data-id=\"989bf09\" data-element_type=\"widget\" data-e-type=\"widget\" data-widget_type=\"text-editor.default\">\n\t\t\t\t<div class=\"elementor-widget-container\">\n\t\t\t\t\t\t\t\t\t<p>Si vous envisagez de conduire au Japon avec un permis de conduire suisse, allemand, belge, fran\u00e7ais, mon\u00e9gasque ou ta\u00efwanais, il est essentiel d&#8217;obtenir une traduction officielle de la Japan Automobile Federation (JAF).<br \/>\nCette traduction garantit que votre permis est valide et l\u00e9galement reconnu au Japon.<br \/>\nSans elle, vous risquez de rencontrer des difficult\u00e9s pour louer un v\u00e9hicule, de ne pas b\u00e9n\u00e9ficier d&#8217;une assurance suffisante en cas d&#8217;accident et d&#8217;\u00eatre confront\u00e9 \u00e0 d&#8217;\u00e9ventuelles complications juridiques.  <\/p>\n\t\t\t\t\t\t\t\t<\/div>\n\t\t\t\t<\/div>\n\t\t\t\t<\/div>\n\t\t<div class=\"elementor-element elementor-element-9a45d5c e-con-full e-flex e-con e-child\" data-id=\"9a45d5c\" data-element_type=\"container\" data-e-type=\"container\">\n\t\t\t\t<div class=\"elementor-element elementor-element-132a442 elementor-icon-list--layout-inline elementor-align-end elementor-list-item-link-full_width elementor-widget elementor-widget-icon-list\" data-id=\"132a442\" data-element_type=\"widget\" data-e-type=\"widget\" data-widget_type=\"icon-list.default\">\n\t\t\t\t<div class=\"elementor-widget-container\">\n\t\t\t\t\t\t\t<ul class=\"elementor-icon-list-items elementor-inline-items\">\n\t\t\t\t\t\t\t<li class=\"elementor-icon-list-item elementor-inline-item\">\n\t\t\t\t\t\t\t\t\t\t\t<a href=\"https:\/\/drivejapan.travel\/fr\/\">\n\n\t\t\t\t\t\t\t\t\t\t\t<span class=\"elementor-icon-list-text\">Accueil<\/span>\n\t\t\t\t\t\t\t\t\t\t\t<\/a>\n\t\t\t\t\t\t\t\t\t<\/li>\n\t\t\t\t\t\t\t\t<li class=\"elementor-icon-list-item elementor-inline-item\">\n\t\t\t\t\t\t\t\t\t\t\t<span class=\"elementor-icon-list-icon\">\n\t\t\t\t\t\t\t<svg aria-hidden=\"true\" class=\"e-font-icon-svg e-fas-arrow-alt-circle-right\" viewBox=\"0 0 512 512\" xmlns=\"http:\/\/www.w3.org\/2000\/svg\"><path d=\"M256 8c137 0 248 111 248 248S393 504 256 504 8 393 8 256 119 8 256 8zM140 300h116v70.9c0 10.7 13 16.1 20.5 8.5l114.3-114.9c4.7-4.7 4.7-12.2 0-16.9l-114.3-115c-7.6-7.6-20.5-2.2-20.5 8.5V212H140c-6.6 0-12 5.4-12 12v64c0 6.6 5.4 12 12 12z\"><\/path><\/svg>\t\t\t\t\t\t<\/span>\n\t\t\t\t\t\t\t\t\t\t<span class=\"elementor-icon-list-text\"><\/span>\n\t\t\t\t\t\t\t\t\t<\/li>\n\t\t\t\t\t\t<\/ul>\n\t\t\t\t\t\t<\/div>\n\t\t\t\t<\/div>\n\t\t\t\t<\/div>\n\t\t\t\t<\/div>\n\t\t\t\t\t<\/div>\n\t\t\t\t<\/div>\n\t\t\t\t<\/div>\n\t\t<div class=\"elementor-element elementor-element-b6785e2 e-con-full e-flex e-con e-parent\" data-id=\"b6785e2\" data-element_type=\"container\" data-e-type=\"container\">\n\t\t<div class=\"elementor-element elementor-element-cc76642 e-flex e-con-boxed e-con e-child\" data-id=\"cc76642\" data-element_type=\"container\" data-e-type=\"container\" data-settings=\"{&quot;background_background&quot;:&quot;classic&quot;}\">\n\t\t\t\t\t<div class=\"e-con-inner\">\n\t\t<div class=\"elementor-element elementor-element-cd42756 e-flex e-con-boxed e-con e-child\" data-id=\"cd42756\" data-element_type=\"container\" data-e-type=\"container\" data-settings=\"{&quot;background_background&quot;:&quot;classic&quot;}\">\n\t\t\t\t\t<div class=\"e-con-inner\">\n\t\t<div class=\"elementor-element elementor-element-b6cdc91 e-flex e-con-boxed e-con e-child\" data-id=\"b6cdc91\" data-element_type=\"container\" data-e-type=\"container\">\n\t\t\t\t\t<div class=\"e-con-inner\">\n\t\t\t\t<div class=\"elementor-element elementor-element-771f993 elementor-widget elementor-widget-image\" data-id=\"771f993\" data-element_type=\"widget\" data-e-type=\"widget\" data-widget_type=\"image.default\">\n\t\t\t\t<div class=\"elementor-widget-container\">\n\t\t\t\t\t\t\t\t\t\t\t\t\t\t\t<img fetchpriority=\"high\" decoding=\"async\" width=\"800\" height=\"449\" src=\"https:\/\/drivejapan.travel\/wp-content\/uploads\/2024\/08\/beautiful-curvy-street-on-the-nikko-mountain-japan-aerial-view-1024x575.jpg\" class=\"attachment-large size-large wp-image-506\" alt=\"Beautiful curvy street on the Nikko mountain, Japan. Aerial view\" srcset=\"https:\/\/drivejapan.travel\/wp-content\/uploads\/2024\/08\/beautiful-curvy-street-on-the-nikko-mountain-japan-aerial-view-1024x575.jpg 1024w, https:\/\/drivejapan.travel\/wp-content\/uploads\/2024\/08\/beautiful-curvy-street-on-the-nikko-mountain-japan-aerial-view-600x337.jpg 600w, https:\/\/drivejapan.travel\/wp-content\/uploads\/2024\/08\/beautiful-curvy-street-on-the-nikko-mountain-japan-aerial-view-300x169.jpg 300w, https:\/\/drivejapan.travel\/wp-content\/uploads\/2024\/08\/beautiful-curvy-street-on-the-nikko-mountain-japan-aerial-view-768x432.jpg 768w, https:\/\/drivejapan.travel\/wp-content\/uploads\/2024\/08\/beautiful-curvy-street-on-the-nikko-mountain-japan-aerial-view-1536x863.jpg 1536w, https:\/\/drivejapan.travel\/wp-content\/uploads\/2024\/08\/beautiful-curvy-street-on-the-nikko-mountain-japan-aerial-view.jpg 2000w\" sizes=\"(max-width: 800px) 100vw, 800px\" \/>\t\t\t\t\t\t\t\t\t\t\t\t\t\t\t<\/div>\n\t\t\t\t<\/div>\n\t\t\t\t<div class=\"elementor-element elementor-element-c07789d elementor-widget elementor-widget-heading\" data-id=\"c07789d\" data-element_type=\"widget\" data-e-type=\"widget\" data-widget_type=\"heading.default\">\n\t\t\t\t<div class=\"elementor-widget-container\">\n\t\t\t\t\t<h2 class=\"elementor-heading-title elementor-size-default\">Conseils pour une conduite en douceur au Japon  <\/h2>\t\t\t\t<\/div>\n\t\t\t\t<\/div>\n\t\t\t\t<div class=\"elementor-element elementor-element-1080309 elementor-widget__width-inherit elementor-widget elementor-widget-text-editor\" data-id=\"1080309\" data-element_type=\"widget\" data-e-type=\"widget\" data-widget_type=\"text-editor.default\">\n\t\t\t\t<div class=\"elementor-widget-container\">\n\t\t\t\t\t\t\t\t\t<p><strong>Limites de vitesse :<\/strong><br \/>Le code de la route japonais pr\u00e9voit des limites de vitesse claires, avec un maximum de 120 km\/h sur les autoroutes.<br \/>\nRespectez toujours les limitations de vitesse affich\u00e9es afin de garantir un voyage s\u00fbr et l\u00e9gal. <\/p>\n<p><strong>Restez \u00e0 gauche :<\/strong><br \/>L&#8217;adaptation au syst\u00e8me japonais de circulation \u00e0 gauche est cruciale pour les conducteurs \u00e9trangers.<br \/>\nRestez sur le c\u00f4t\u00e9 gauche de la route et soyez particuli\u00e8rement attentif lorsque vous tournez ou traversez des intersections. <\/p>\n<p><strong>Pas d&#8217;alcool ni de drogue :<\/strong><br \/>Le Japon applique des lois strictes de tol\u00e9rance z\u00e9ro (0,0 pour mille) en ce qui concerne la consommation d&#8217;alcool et de drogue au volant.<br \/>\nConduisez toujours sobre et sans drogue. <\/p>\n<p><strong>Obligation de porter la ceinture de s\u00e9curit\u00e9 :<\/strong><br \/>La ceinture de s\u00e9curit\u00e9 est obligatoire pour tous les occupants du v\u00e9hicule.<br \/>\nAssurez-vous que tout le monde est bien attach\u00e9 avant de prendre la route. <\/p>\n<p><strong>Services d&#8217;urgence et signalement des accidents :<\/strong><br \/>En cas d&#8217;urgence ou d&#8217;accident, composez le 110 pour obtenir l&#8217;aide de la police et le 119 pour les urgences m\u00e9dicales.<br \/>\nRestez calme et signalez rapidement les incidents aux autorit\u00e9s. <\/p>\n<p><strong>Panneaux de signalisation :<\/strong><br \/>Apprenez \u00e0 reconna\u00eetre les panneaux de signalisation japonais, qui utilisent des formes, des couleurs et des symboles vari\u00e9s pour transmettre des informations cruciales sur l&#8217;\u00e9tat des routes, les avertissements et les r\u00e9glementations.<\/p>\n<p><strong>Zones environnementales :<\/strong><br \/>Sachez que certaines zones urbaines du Japon sont d\u00e9sign\u00e9es comme zones environnementales.<br \/>\nCes zones peuvent avoir des r\u00e8gles et des restrictions sp\u00e9cifiques en fonction des normes d&#8217;\u00e9mission de votre v\u00e9hicule. <\/p>\n<p>Drive Japan vous souhaite un voyage s\u00fbr et inoubliable.<\/p>\n\t\t\t\t\t\t\t\t<\/div>\n\t\t\t\t<\/div>\n\t\t<div class=\"elementor-element elementor-element-4fbe993 e-con-full e-flex e-con e-child\" data-id=\"4fbe993\" data-element_type=\"container\" data-e-type=\"container\">\n\t\t\t\t<div class=\"elementor-element elementor-element-d62998e elementor-align-right elementor-widget elementor-widget-button\" data-id=\"d62998e\" data-element_type=\"widget\" data-e-type=\"widget\" data-widget_type=\"button.default\">\n\t\t\t\t<div class=\"elementor-widget-container\">\n\t\t\t\t\t\t\t\t\t<div class=\"elementor-button-wrapper\">\n\t\t\t\t\t<a class=\"elementor-button elementor-button-link elementor-size-sm\" href=\"https:\/\/drivejapan.travel\/questions\/\">\n\t\t\t\t\t\t<span class=\"elementor-button-content-wrapper\">\n\t\t\t\t\t\t\t\t\t<span class=\"elementor-button-text\">Contactez nous ici<\/span>\n\t\t\t\t\t<\/span>\n\t\t\t\t\t<\/a>\n\t\t\t\t<\/div>\n\t\t\t\t\t\t\t\t<\/div>\n\t\t\t\t<\/div>\n\t\t\t\t<div class=\"elementor-element elementor-element-7819094 elementor-align-left elementor-widget elementor-widget-button\" data-id=\"7819094\" data-element_type=\"widget\" data-e-type=\"widget\" data-widget_type=\"button.default\">\n\t\t\t\t<div class=\"elementor-widget-container\">\n\t\t\t\t\t\t\t\t\t<div class=\"elementor-button-wrapper\">\n\t\t\t\t\t<a class=\"elementor-button elementor-button-link elementor-size-sm\" href=\"https:\/\/drivejapan.travel\/fr\/commandez-votre-traduction\/\">\n\t\t\t\t\t\t<span class=\"elementor-button-content-wrapper\">\n\t\t\t\t\t\t\t\t\t<span class=\"elementor-button-text\">Commandez votre traduction<\/span>\n\t\t\t\t\t<\/span>\n\t\t\t\t\t<\/a>\n\t\t\t\t<\/div>\n\t\t\t\t\t\t\t\t<\/div>\n\t\t\t\t<\/div>\n\t\t\t\t<\/div>\n\t\t\t\t\t<\/div>\n\t\t\t\t<\/div>\n\t\t\t\t\t<\/div>\n\t\t\t\t<\/div>\n\t\t\t\t\t<\/div>\n\t\t\t\t<\/div>\n\t\t\t\t<\/div>\n\t\t\t\t<\/div>\n\t\t","protected":false},"excerpt":{"rendered":"<p>Si vous envisagez de conduire au Japon avec un permis de conduire suisse, allemand, belge, fran\u00e7ais, mon\u00e9gasque ou ta\u00efwanais, il est essentiel d&#8217;obtenir une traduction officielle de la Japan Automobile Federation (JAF). Cette traduction garantit que votre permis est valide et l\u00e9galement reconnu au Japon. Sans elle, vous risquez de rencontrer des difficult\u00e9s pour louer [&hellip;]<\/p>\n","protected":false},"author":1,"featured_media":0,"parent":0,"menu_order":0,"comment_status":"closed","ping_status":"closed","template":"","meta":{"_glsr_average":0,"_glsr_ranking":0,"_glsr_reviews":0,"footnotes":""},"class_list":["post-1614","page","type-page","status-publish","hentry"],"yoast_head":"<!-- This site is optimized with the Yoast SEO plugin v23.5 - https:\/\/yoast.com\/wordpress\/plugins\/seo\/ -->\n<title>Comment conduire au Japon - Drive Japan<\/title>\n<meta name=\"robots\" content=\"index, follow, max-snippet:-1, max-image-preview:large, max-video-preview:-1\" \/>\n<link rel=\"canonical\" href=\"https:\/\/drivejapan.travel\/fr\/comment-conduire-au-japon\/\" \/>\n<meta property=\"og:locale\" content=\"fr_FR\" \/>\n<meta property=\"og:type\" content=\"article\" \/>\n<meta property=\"og:title\" content=\"Comment conduire au Japon - Drive Japan\" \/>\n<meta property=\"og:description\" content=\"Si vous envisagez de conduire au Japon avec un permis de conduire suisse, allemand, belge, fran\u00e7ais, mon\u00e9gasque ou ta\u00efwanais, il est essentiel d&#8217;obtenir une traduction officielle de la Japan Automobile Federation (JAF). Cette traduction garantit que votre permis est valide et l\u00e9galement reconnu au Japon. Sans elle, vous risquez de rencontrer des difficult\u00e9s pour louer [&hellip;]\" \/>\n<meta property=\"og:url\" content=\"https:\/\/drivejapan.travel\/fr\/comment-conduire-au-japon\/\" \/>\n<meta property=\"og:site_name\" content=\"Drive Japan\" \/>\n<meta property=\"article:modified_time\" content=\"2024-08-14T07:39:41+00:00\" \/>\n<meta property=\"og:image\" content=\"https:\/\/drivejapan.travel\/wp-content\/uploads\/2024\/08\/sign-accent-1.png\" \/>\n<meta name=\"twitter:card\" content=\"summary_large_image\" \/>\n<meta name=\"twitter:label1\" content=\"Dur\u00e9e de lecture estim\u00e9e\" \/>\n\t<meta name=\"twitter:data1\" content=\"2 minutes\" \/>\n<script type=\"application\/ld+json\" class=\"yoast-schema-graph\">{\"@context\":\"https:\/\/schema.org\",\"@graph\":[{\"@type\":\"WebPage\",\"@id\":\"https:\/\/drivejapan.travel\/fr\/comment-conduire-au-japon\/\",\"url\":\"https:\/\/drivejapan.travel\/fr\/comment-conduire-au-japon\/\",\"name\":\"Comment conduire au Japon - Drive Japan\",\"isPartOf\":{\"@id\":\"https:\/\/drivejapan.travel\/#website\"},\"primaryImageOfPage\":{\"@id\":\"https:\/\/drivejapan.travel\/fr\/comment-conduire-au-japon\/#primaryimage\"},\"image\":{\"@id\":\"https:\/\/drivejapan.travel\/fr\/comment-conduire-au-japon\/#primaryimage\"},\"thumbnailUrl\":\"https:\/\/drivejapan.travel\/wp-content\/uploads\/2024\/08\/sign-accent-1.png\",\"datePublished\":\"2024-08-03T22:44:20+00:00\",\"dateModified\":\"2024-08-14T07:39:41+00:00\",\"breadcrumb\":{\"@id\":\"https:\/\/drivejapan.travel\/fr\/comment-conduire-au-japon\/#breadcrumb\"},\"inLanguage\":\"fr-FR\",\"potentialAction\":[{\"@type\":\"ReadAction\",\"target\":[\"https:\/\/drivejapan.travel\/fr\/comment-conduire-au-japon\/\"]}]},{\"@type\":\"ImageObject\",\"inLanguage\":\"fr-FR\",\"@id\":\"https:\/\/drivejapan.travel\/fr\/comment-conduire-au-japon\/#primaryimage\",\"url\":\"https:\/\/drivejapan.travel\/wp-content\/uploads\/2024\/08\/sign-accent-1.png\",\"contentUrl\":\"https:\/\/drivejapan.travel\/wp-content\/uploads\/2024\/08\/sign-accent-1.png\"},{\"@type\":\"BreadcrumbList\",\"@id\":\"https:\/\/drivejapan.travel\/fr\/comment-conduire-au-japon\/#breadcrumb\",\"itemListElement\":[{\"@type\":\"ListItem\",\"position\":1,\"name\":\"Home\",\"item\":\"https:\/\/drivejapan.travel\/fr\/accueil\/\"},{\"@type\":\"ListItem\",\"position\":2,\"name\":\"Comment conduire au Japon\"}]},{\"@type\":\"WebSite\",\"@id\":\"https:\/\/drivejapan.travel\/#website\",\"url\":\"https:\/\/drivejapan.travel\/\",\"name\":\"Drive Japan\",\"description\":\"Official Japanese Driver\u2019s License Translations\",\"publisher\":{\"@id\":\"https:\/\/drivejapan.travel\/#organization\"},\"potentialAction\":[{\"@type\":\"SearchAction\",\"target\":{\"@type\":\"EntryPoint\",\"urlTemplate\":\"https:\/\/drivejapan.travel\/?s={search_term_string}\"},\"query-input\":{\"@type\":\"PropertyValueSpecification\",\"valueRequired\":true,\"valueName\":\"search_term_string\"}}],\"inLanguage\":\"fr-FR\"},{\"@type\":\"Organization\",\"@id\":\"https:\/\/drivejapan.travel\/#organization\",\"name\":\"Drive Japan\",\"url\":\"https:\/\/drivejapan.travel\/\",\"logo\":{\"@type\":\"ImageObject\",\"inLanguage\":\"fr-FR\",\"@id\":\"https:\/\/drivejapan.travel\/#\/schema\/logo\/image\/\",\"url\":\"https:\/\/drivejapan.travel\/wp-content\/uploads\/2024\/08\/Asset-2.png\",\"contentUrl\":\"https:\/\/drivejapan.travel\/wp-content\/uploads\/2024\/08\/Asset-2.png\",\"width\":275,\"height\":199,\"caption\":\"Drive Japan\"},\"image\":{\"@id\":\"https:\/\/drivejapan.travel\/#\/schema\/logo\/image\/\"}}]}<\/script>\n<!-- \/ Yoast SEO plugin. -->","yoast_head_json":{"title":"Comment conduire au Japon - Drive Japan","robots":{"index":"index","follow":"follow","max-snippet":"max-snippet:-1","max-image-preview":"max-image-preview:large","max-video-preview":"max-video-preview:-1"},"canonical":"https:\/\/drivejapan.travel\/fr\/comment-conduire-au-japon\/","og_locale":"fr_FR","og_type":"article","og_title":"Comment conduire au Japon - Drive Japan","og_description":"Si vous envisagez de conduire au Japon avec un permis de conduire suisse, allemand, belge, fran\u00e7ais, mon\u00e9gasque ou ta\u00efwanais, il est essentiel d&#8217;obtenir une traduction officielle de la Japan Automobile Federation (JAF). Cette traduction garantit que votre permis est valide et l\u00e9galement reconnu au Japon. Sans elle, vous risquez de rencontrer des difficult\u00e9s pour louer [&hellip;]","og_url":"https:\/\/drivejapan.travel\/fr\/comment-conduire-au-japon\/","og_site_name":"Drive Japan","article_modified_time":"2024-08-14T07:39:41+00:00","og_image":[{"url":"https:\/\/drivejapan.travel\/wp-content\/uploads\/2024\/08\/sign-accent-1.png"}],"twitter_card":"summary_large_image","twitter_misc":{"Dur\u00e9e de lecture estim\u00e9e":"2 minutes"},"schema":{"@context":"https:\/\/schema.org","@graph":[{"@type":"WebPage","@id":"https:\/\/drivejapan.travel\/fr\/comment-conduire-au-japon\/","url":"https:\/\/drivejapan.travel\/fr\/comment-conduire-au-japon\/","name":"Comment conduire au Japon - Drive Japan","isPartOf":{"@id":"https:\/\/drivejapan.travel\/#website"},"primaryImageOfPage":{"@id":"https:\/\/drivejapan.travel\/fr\/comment-conduire-au-japon\/#primaryimage"},"image":{"@id":"https:\/\/drivejapan.travel\/fr\/comment-conduire-au-japon\/#primaryimage"},"thumbnailUrl":"https:\/\/drivejapan.travel\/wp-content\/uploads\/2024\/08\/sign-accent-1.png","datePublished":"2024-08-03T22:44:20+00:00","dateModified":"2024-08-14T07:39:41+00:00","breadcrumb":{"@id":"https:\/\/drivejapan.travel\/fr\/comment-conduire-au-japon\/#breadcrumb"},"inLanguage":"fr-FR","potentialAction":[{"@type":"ReadAction","target":["https:\/\/drivejapan.travel\/fr\/comment-conduire-au-japon\/"]}]},{"@type":"ImageObject","inLanguage":"fr-FR","@id":"https:\/\/drivejapan.travel\/fr\/comment-conduire-au-japon\/#primaryimage","url":"https:\/\/drivejapan.travel\/wp-content\/uploads\/2024\/08\/sign-accent-1.png","contentUrl":"https:\/\/drivejapan.travel\/wp-content\/uploads\/2024\/08\/sign-accent-1.png"},{"@type":"BreadcrumbList","@id":"https:\/\/drivejapan.travel\/fr\/comment-conduire-au-japon\/#breadcrumb","itemListElement":[{"@type":"ListItem","position":1,"name":"Home","item":"https:\/\/drivejapan.travel\/fr\/accueil\/"},{"@type":"ListItem","position":2,"name":"Comment conduire au Japon"}]},{"@type":"WebSite","@id":"https:\/\/drivejapan.travel\/#website","url":"https:\/\/drivejapan.travel\/","name":"Drive Japan","description":"Official Japanese Driver\u2019s License Translations","publisher":{"@id":"https:\/\/drivejapan.travel\/#organization"},"potentialAction":[{"@type":"SearchAction","target":{"@type":"EntryPoint","urlTemplate":"https:\/\/drivejapan.travel\/?s={search_term_string}"},"query-input":{"@type":"PropertyValueSpecification","valueRequired":true,"valueName":"search_term_string"}}],"inLanguage":"fr-FR"},{"@type":"Organization","@id":"https:\/\/drivejapan.travel\/#organization","name":"Drive Japan","url":"https:\/\/drivejapan.travel\/","logo":{"@type":"ImageObject","inLanguage":"fr-FR","@id":"https:\/\/drivejapan.travel\/#\/schema\/logo\/image\/","url":"https:\/\/drivejapan.travel\/wp-content\/uploads\/2024\/08\/Asset-2.png","contentUrl":"https:\/\/drivejapan.travel\/wp-content\/uploads\/2024\/08\/Asset-2.png","width":275,"height":199,"caption":"Drive Japan"},"image":{"@id":"https:\/\/drivejapan.travel\/#\/schema\/logo\/image\/"}}]}},"_links":{"self":[{"href":"https:\/\/drivejapan.travel\/fr\/wp-json\/wp\/v2\/pages\/1614"}],"collection":[{"href":"https:\/\/drivejapan.travel\/fr\/wp-json\/wp\/v2\/pages"}],"about":[{"href":"https:\/\/drivejapan.travel\/fr\/wp-json\/wp\/v2\/types\/page"}],"author":[{"embeddable":true,"href":"https:\/\/drivejapan.travel\/fr\/wp-json\/wp\/v2\/users\/1"}],"replies":[{"embeddable":true,"href":"https:\/\/drivejapan.travel\/fr\/wp-json\/wp\/v2\/comments?post=1614"}],"version-history":[{"count":2,"href":"https:\/\/drivejapan.travel\/fr\/wp-json\/wp\/v2\/pages\/1614\/revisions"}],"predecessor-version":[{"id":1620,"href":"https:\/\/drivejapan.travel\/fr\/wp-json\/wp\/v2\/pages\/1614\/revisions\/1620"}],"wp:attachment":[{"href":"https:\/\/drivejapan.travel\/fr\/wp-json\/wp\/v2\/media?parent=1614"}],"curies":[{"name":"wp","href":"https:\/\/api.w.org\/{rel}","templated":true}]}}