{"id":1556,"date":"2024-07-26T17:42:13","date_gmt":"2024-07-26T17:42:13","guid":{"rendered":"https:\/\/drivejapan.travel\/politique-de-confidentialite\/"},"modified":"2024-08-14T07:03:22","modified_gmt":"2024-08-14T07:03:22","slug":"politique-de-confidentialite","status":"publish","type":"page","link":"https:\/\/drivejapan.travel\/fr\/politique-de-confidentialite\/","title":{"rendered":"Politique de confidentialit\u00e9"},"content":{"rendered":"\t\t<div data-elementor-type=\"wp-page\" data-elementor-id=\"1556\" class=\"elementor elementor-1556\" data-elementor-post-type=\"page\">\n\t\t\t\t<div class=\"elementor-element elementor-element-e472bc8 e-con-full e-flex e-con e-parent\" data-id=\"e472bc8\" data-element_type=\"container\" data-e-type=\"container\">\n\t\t<div class=\"elementor-element elementor-element-f5f2d70 e-flex e-con-boxed e-con e-child\" data-id=\"f5f2d70\" data-element_type=\"container\" data-e-type=\"container\" data-settings=\"{&quot;background_background&quot;:&quot;classic&quot;}\">\n\t\t\t\t\t<div class=\"e-con-inner\">\n\t\t<div class=\"elementor-element elementor-element-6527f8e e-con-full e-flex e-con e-child\" data-id=\"6527f8e\" data-element_type=\"container\" data-e-type=\"container\">\n\t\t<div class=\"elementor-element elementor-element-9e42a81 e-con-full e-flex e-con e-child\" data-id=\"9e42a81\" data-element_type=\"container\" data-e-type=\"container\">\n\t\t<div class=\"elementor-element elementor-element-ec62f42 e-con-full e-flex e-con e-child\" data-id=\"ec62f42\" data-element_type=\"container\" data-e-type=\"container\">\n\t\t\t\t<div class=\"elementor-element elementor-element-d9bc2b5 elementor-widget__width-auto elementor-widget elementor-widget-image\" data-id=\"d9bc2b5\" data-element_type=\"widget\" data-e-type=\"widget\" data-widget_type=\"image.default\">\n\t\t\t\t<div class=\"elementor-widget-container\">\n\t\t\t\t\t\t\t\t\t\t\t\t\t\t\t<img decoding=\"async\" width=\"200\" height=\"200\" src=\"https:\/\/drivejapan.travel\/wp-content\/uploads\/2024\/08\/sign-accent-1.png\" class=\"attachment-large size-large wp-image-556\" alt=\"\" srcset=\"https:\/\/drivejapan.travel\/wp-content\/uploads\/2024\/08\/sign-accent-1.png 200w, https:\/\/drivejapan.travel\/wp-content\/uploads\/2024\/08\/sign-accent-1-100x100.png 100w, https:\/\/drivejapan.travel\/wp-content\/uploads\/2024\/08\/sign-accent-1-150x150.png 150w\" sizes=\"(max-width: 200px) 100vw, 200px\" \/>\t\t\t\t\t\t\t\t\t\t\t\t\t\t\t<\/div>\n\t\t\t\t<\/div>\n\t\t\t\t<\/div>\n\t\t\t\t<div class=\"elementor-element elementor-element-2451005 elementor-widget elementor-widget-text-editor\" data-id=\"2451005\" data-element_type=\"widget\" data-e-type=\"widget\" data-widget_type=\"text-editor.default\">\n\t\t\t\t<div class=\"elementor-widget-container\">\n\t\t\t\t\t\t\t\t\t<p>[<strong>Date d&#8217;entr\u00e9e en vigueur :<\/strong> 15.08.2024]<\/p>\n\t\t\t\t\t\t\t\t<\/div>\n\t\t\t\t<\/div>\n\t\t\t\t<\/div>\n\t\t<div class=\"elementor-element elementor-element-00576e1 e-con-full e-flex e-con e-child\" data-id=\"00576e1\" data-element_type=\"container\" data-e-type=\"container\">\n\t\t\t\t<div class=\"elementor-element elementor-element-878e94a elementor-icon-list--layout-inline elementor-align-end elementor-list-item-link-full_width elementor-widget elementor-widget-icon-list\" data-id=\"878e94a\" data-element_type=\"widget\" data-e-type=\"widget\" data-widget_type=\"icon-list.default\">\n\t\t\t\t<div class=\"elementor-widget-container\">\n\t\t\t\t\t\t\t<ul class=\"elementor-icon-list-items elementor-inline-items\">\n\t\t\t\t\t\t\t<li class=\"elementor-icon-list-item elementor-inline-item\">\n\t\t\t\t\t\t\t\t\t\t\t<a href=\"https:\/\/drivejapan.travel\/fr\/\">\n\n\t\t\t\t\t\t\t\t\t\t\t<span class=\"elementor-icon-list-text\">Accueil<\/span>\n\t\t\t\t\t\t\t\t\t\t\t<\/a>\n\t\t\t\t\t\t\t\t\t<\/li>\n\t\t\t\t\t\t\t\t<li class=\"elementor-icon-list-item elementor-inline-item\">\n\t\t\t\t\t\t\t\t\t\t\t<span class=\"elementor-icon-list-icon\">\n\t\t\t\t\t\t\t<svg aria-hidden=\"true\" class=\"e-font-icon-svg e-fas-arrow-alt-circle-right\" viewBox=\"0 0 512 512\" xmlns=\"http:\/\/www.w3.org\/2000\/svg\"><path d=\"M256 8c137 0 248 111 248 248S393 504 256 504 8 393 8 256 119 8 256 8zM140 300h116v70.9c0 10.7 13 16.1 20.5 8.5l114.3-114.9c4.7-4.7 4.7-12.2 0-16.9l-114.3-115c-7.6-7.6-20.5-2.2-20.5 8.5V212H140c-6.6 0-12 5.4-12 12v64c0 6.6 5.4 12 12 12z\"><\/path><\/svg>\t\t\t\t\t\t<\/span>\n\t\t\t\t\t\t\t\t\t\t<span class=\"elementor-icon-list-text\"><\/span>\n\t\t\t\t\t\t\t\t\t<\/li>\n\t\t\t\t\t\t<\/ul>\n\t\t\t\t\t\t<\/div>\n\t\t\t\t<\/div>\n\t\t\t\t<\/div>\n\t\t\t\t<\/div>\n\t\t\t\t\t<\/div>\n\t\t\t\t<\/div>\n\t\t\t\t<\/div>\n\t\t<div class=\"elementor-element elementor-element-d9e9aa3 e-con-full e-flex e-con e-parent\" data-id=\"d9e9aa3\" data-element_type=\"container\" data-e-type=\"container\">\n\t\t<div class=\"elementor-element elementor-element-09d200d e-flex e-con-boxed e-con e-child\" data-id=\"09d200d\" data-element_type=\"container\" data-e-type=\"container\" data-settings=\"{&quot;background_background&quot;:&quot;classic&quot;}\">\n\t\t\t\t\t<div class=\"e-con-inner\">\n\t\t<div class=\"elementor-element elementor-element-7b8b335 e-flex e-con-boxed e-con e-child\" data-id=\"7b8b335\" data-element_type=\"container\" data-e-type=\"container\" data-settings=\"{&quot;background_background&quot;:&quot;classic&quot;}\">\n\t\t\t\t\t<div class=\"e-con-inner\">\n\t\t<div class=\"elementor-element elementor-element-f884fd1 e-flex e-con-boxed e-con e-child\" data-id=\"f884fd1\" data-element_type=\"container\" data-e-type=\"container\">\n\t\t\t\t\t<div class=\"e-con-inner\">\n\t\t\t\t<div class=\"elementor-element elementor-element-c899289 elementor-widget elementor-widget-text-editor\" data-id=\"c899289\" data-element_type=\"widget\" data-e-type=\"widget\" data-widget_type=\"text-editor.default\">\n\t\t\t\t<div class=\"elementor-widget-container\">\n\t\t\t\t\t\t\t\t\t<p>Vous trouverez ci-dessous la politique de confidentialit\u00e9 \u00e9tablie par Drive Japan.<\/p>\n<p>La pr\u00e9sente politique de confidentialit\u00e9 d\u00e9crit la nature, la port\u00e9e et la finalit\u00e9 du traitement des donn\u00e9es \u00e0 caract\u00e8re personnel (&#8220;donn\u00e9es&#8221;) dans le cadre de nos services en ligne, y compris notre site web, ses fonctionnalit\u00e9s et son contenu, ainsi que toute pr\u00e9sence en ligne externe, telle que nos profils de m\u00e9dias sociaux (collectivement d\u00e9nomm\u00e9s les &#8220;services en ligne&#8221;).\nPour les termes tels que &#8220;traitement&#8221; ou &#8220;responsable du traitement&#8221;, nous nous r\u00e9f\u00e9rons aux d\u00e9finitions de l&#8217;article 4 du r\u00e8glement g\u00e9n\u00e9ral sur la protection des donn\u00e9es (RGPD). <\/p>\n<p><strong>Contr\u00f4leur<\/strong><br>Drive Japon, Allemagne<\/p>\n<p><strong>Types de donn\u00e9es trait\u00e9es :<\/strong><\/p>\n<ul>\n<li>Donn\u00e9es de contact (par exemple, nom, courriel, num\u00e9ros de t\u00e9l\u00e9phone)<\/li>\n<li>Donn\u00e9es de contenu (par exemple, entr\u00e9es de texte, photographies, vid\u00e9os)<\/li>\n<li>Donn\u00e9es d&#8217;utilisation (par exemple, sites web visit\u00e9s, centres d&#8217;int\u00e9r\u00eat en mati\u00e8re de contenu, temps d&#8217;acc\u00e8s)<\/li>\n<li>M\u00e9tadonn\u00e9es\/communication (par exemple, informations sur les appareils, adresses IP)<\/li>\n<\/ul>\n<p><strong> <\/strong><\/p>\n<p><strong>Objectif du traitement :<\/strong><\/p>\n<ul>\n<li>Fournir les services en ligne, leurs caract\u00e9ristiques et leur contenu<\/li>\n<li>R\u00e9pondre aux demandes de contact et communiquer avec les utilisateurs<\/li>\n<li>Mise en \u0153uvre de mesures de s\u00e9curit\u00e9<\/li>\n<li>Mener des activit\u00e9s de mesure de la port\u00e9e et de marketing<\/li>\n<\/ul>\n<p><strong> <\/strong><\/p>\n<p><b>Bases juridiques pertinentes :  <\/b><span style=\"background-color: var( --e-global-color-7cd00c7 ); color: var( --e-global-color-text ); font-family: var( --e-global-typography-text-font-family ), Sans-serif; font-size: var( --e-global-typography-text-font-size ); font-style: var( --e-global-typography-text-font-style ); font-weight: var( --e-global-typography-text-font-weight ); text-align: var(--text-align);\">Conform\u00e9ment \u00e0 l&#8217;article 13 du GDPR, nous vous informons des bases juridiques de nos activit\u00e9s de traitement des donn\u00e9es.\nPour les utilisateurs relevant du champ d&#8217;application du GDPR (c&#8217;est-\u00e0-dire l&#8217;UE et l&#8217;Espace \u00e9conomique europ\u00e9en, EEE), les dispositions suivantes s&#8217;appliquent si la base juridique n&#8217;est pas mentionn\u00e9e dans la politique de confidentialit\u00e9 : <\/span><\/p>\n<ul>\n<li>La base juridique pour l&#8217;obtention du consentement est l&#8217;article 6, paragraphe 1, point a), et l&#8217;article 6, paragraphe 1, point b). 6(1)(a) et Art. 7 DU RGPD.<\/li>\n<li>La base juridique du traitement li\u00e9 \u00e0 la prestation de nos services, \u00e0 l&#8217;ex\u00e9cution des mesures contractuelles et \u00e0 la r\u00e9ponse aux demandes de renseignements est l&#8217;article 6, paragraphe 1, point b), du RGPD. 6(1)(b) GDPR.<\/li>\n<li>La base juridique du traitement n\u00e9cessaire au respect de nos obligations l\u00e9gales est l&#8217;art. 6(1)(c) GDPR.<\/li>\n<li>La base juridique du traitement n\u00e9cessaire \u00e0 la sauvegarde de nos int\u00e9r\u00eats l\u00e9gitimes est l&#8217;art. 6(1)(f) GDPR.<\/li>\n<\/ul>\n<div><strong style=\"font-family: var( --e-global-typography-text-font-family ), Sans-serif; font-size: var( --e-global-typography-text-font-size ); font-style: var( --e-global-typography-text-font-style ); text-align: var(--text-align); background-color: var( --e-global-color-7cd00c7 ); color: var( --e-global-color-text );\"> <\/strong><\/div>\n<div><strong style=\"font-family: var( --e-global-typography-text-font-family ), Sans-serif; font-size: var( --e-global-typography-text-font-size ); font-style: var( --e-global-typography-text-font-style ); text-align: var(--text-align); background-color: var( --e-global-color-7cd00c7 ); color: var( --e-global-color-text );\">Mesures de s\u00e9curit\u00e9 :<\/strong><\/div>\n<p>Conform\u00e9ment \u00e0 l&#8217;art. 32 GDPR, nous mettons en \u0153uvre les mesures techniques et organisationnelles appropri\u00e9es pour assurer un niveau de protection adapt\u00e9 au risque, en tenant compte de l&#8217;\u00e9tat de l&#8217;art, des co\u00fbts de mise en \u0153uvre et de la nature, de la port\u00e9e, du contexte et des finalit\u00e9s du traitement, ainsi que de la probabilit\u00e9 et de la gravit\u00e9 variables des risques pour les droits et libert\u00e9s des personnes physiques.<\/p>\n<p>Nous prenons des pr\u00e9cautions pour prot\u00e9ger vos informations en ligne et hors ligne.\nLorsque des informations sensibles sont soumises via le site web (\u00e0 l&#8217;exception des donn\u00e9es relatives aux cartes de cr\u00e9dit, qui sont trait\u00e9es directement par PayPal et auxquelles nous n&#8217;avons jamais acc\u00e8s), elles sont crypt\u00e9es et transmises en toute s\u00e9curit\u00e9.\nVous pouvez le v\u00e9rifier en recherchant l&#8217;ic\u00f4ne d&#8217;un cadenas ferm\u00e9 dans votre navigateur web ou la mention &#8220;https&#8221; dans l&#8217;adresse du site web.\nEn outre, nous prot\u00e9geons vos informations hors ligne ; seuls les employ\u00e9s qui ont besoin de ces informations pour des t\u00e2ches sp\u00e9cifiques (par exemple, la facturation ou le service client\u00e8le) ont acc\u00e8s aux informations personnellement identifiables.\nLes serveurs qui stockent ces informations sont conserv\u00e9s dans un environnement s\u00e9curis\u00e9.    <\/p>\n<p><strong>Collaboration avec les sous-traitants et les tiers :<\/strong><\/p>\n<p>Si nous divulguons des donn\u00e9es \u00e0 d&#8217;autres personnes ou entreprises (sous-traitants ou tiers), si nous leur transmettons des donn\u00e9es ou si nous leur accordons un acc\u00e8s dans le cadre de nos activit\u00e9s de traitement, nous le faisons uniquement sur la base d&#8217;une autorisation l\u00e9gale (par exemple, si le transfert de donn\u00e9es \u00e0 des tiers, tels que des prestataires de services de paiement, est n\u00e9cessaire \u00e0 l&#8217;ex\u00e9cution du contrat), avec votre consentement, en raison d&#8217;une obligation l\u00e9gale ou sur la base de nos int\u00e9r\u00eats l\u00e9gitimes (par exemple, lorsque nous faisons appel \u00e0 des agents, \u00e0 des h\u00e9bergeurs, etc.)<\/p>\n<p><strong>Transferts vers des pays tiers :<\/strong><\/p>\n<p>Si nous traitons des donn\u00e9es dans un pays tiers (c&#8217;est-\u00e0-dire en dehors de l&#8217;Union europ\u00e9enne ou de l&#8217;Espace \u00e9conomique europ\u00e9en) ou si cela se produit dans le cadre de l&#8217;utilisation de services tiers, de la divulgation ou du transfert de donn\u00e9es \u00e0 des tiers, cela n&#8217;aura lieu que si cela est n\u00e9cessaire pour remplir nos obligations (pr\u00e9)contractuelles, avec votre consentement, en raison d&#8217;une obligation l\u00e9gale ou sur la base de nos int\u00e9r\u00eats l\u00e9gitimes.\nSous r\u00e9serve d&#8217;autorisations l\u00e9gales ou contractuelles, nous traitons ou autorisons le traitement des donn\u00e9es dans un pays tiers uniquement si les exigences de l&#8217;art. 44 ff.\nGDPR.\nCela signifie que le traitement est bas\u00e9, par exemple, sur des garanties sp\u00e9ciales, telles que l&#8217;\u00e9valuation officiellement reconnue d&#8217;un niveau de protection des donn\u00e9es \u00e9quivalent \u00e0 celui de l&#8217;UE (par exemple, par le biais du Privacy Shield pour les \u00c9tats-Unis) ou le respect d&#8217;obligations contractuelles sp\u00e9ciales officiellement reconnues (ce que l&#8217;on appelle les &#8220;clauses contractuelles types&#8221;).   <\/p>\n<p><strong>Droits des personnes concern\u00e9es :<\/strong><\/p>\n<p>Vous avez le droit de v\u00e9rifier si des donn\u00e9es \u00e0 caract\u00e8re personnel vous concernant sont trait\u00e9es ou non et, le cas \u00e9ch\u00e9ant, d&#8217;acc\u00e9der \u00e0 vos donn\u00e9es \u00e0 caract\u00e8re personnel et aux informations vis\u00e9es \u00e0 l&#8217;art. 15 DU RGPD.<\/p>\n<p>Vous avez le droit, conform\u00e9ment \u00e0 l&#8217;art. 16 GDPR, de demander que les donn\u00e9es \u00e0 caract\u00e8re personnel incompl\u00e8tes soient compl\u00e9t\u00e9es ou que les donn\u00e9es \u00e0 caract\u00e8re personnel inexactes vous concernant soient corrig\u00e9es.<\/p>\n<p>Conform\u00e9ment \u00e0 l&#8217;art. 17 GDPR, vous avez le droit de demander l&#8217;effacement de vos donn\u00e9es \u00e0 caract\u00e8re personnel dans un d\u00e9lai raisonnable ou, alternativement, de demander une restriction du traitement conform\u00e9ment \u00e0 l&#8217;Art. 18 DU RGPD.<\/p>\n<p><strong>Cookies :<\/strong><\/p>\n<p>Les cookies sont des fichiers texte plac\u00e9s sur votre ordinateur pour collecter des informations de journal Internet standard et des donn\u00e9es sur le comportement des visiteurs.\nCes informations sont utilis\u00e9es pour suivre l&#8217;utilisation du site web et compiler des rapports statistiques sur l&#8217;activit\u00e9 du site.\nL&#8217;utilisation des cookies n&#8217;est pas li\u00e9e \u00e0 des informations personnellement identifiables sur notre site.\nNous utilisons deux types de cookies : les cookies analytiques et les cookies de site.\nLes cookies de site sont essentiels au traitement de votre commande et \u00e0 l&#8217;utilisation du site web.    <\/p>\n<p><strong>Autres sites web :<\/strong><\/p>\n<p>Nous utilisons une soci\u00e9t\u00e9 de traitement des paiements pour facturer les utilisateurs pour les biens et services et une soci\u00e9t\u00e9 de notification par courriel pour envoyer des notifications de commande.\nCes soci\u00e9t\u00e9s ne conservent, ne partagent, ne stockent ni n&#8217;utilisent les informations personnellement identifiables \u00e0 des fins secondaires autres que l&#8217;ex\u00e9cution de votre commande, et elles sont conformes au GDPR lorsque la loi l&#8217;exige. <\/p>\n<p>Si vous pensez que nous ne respectons pas cette politique de confidentialit\u00e9, veuillez nous contacter imm\u00e9diatement via le formulaire, WhatsApp ou Messenger (voir FAQ).<\/p>\t\t\t\t\t\t\t\t<\/div>\n\t\t\t\t<\/div>\n\t\t\t\t\t<\/div>\n\t\t\t\t<\/div>\n\t\t\t\t\t<\/div>\n\t\t\t\t<\/div>\n\t\t\t\t\t<\/div>\n\t\t\t\t<\/div>\n\t\t\t\t<\/div>\n\t\t\t\t<\/div>\n\t\t","protected":false},"excerpt":{"rendered":"<p>[Date d&#8217;entr\u00e9e en vigueur : 15.08.2024] Accueil Vous trouverez ci-dessous la politique de confidentialit\u00e9 \u00e9tablie par Drive Japan. La pr\u00e9sente politique de confidentialit\u00e9 d\u00e9crit la nature, la port\u00e9e et la finalit\u00e9 du traitement des donn\u00e9es \u00e0 caract\u00e8re personnel (&#8220;donn\u00e9es&#8221;) dans le cadre de nos services en ligne, y compris notre site web, ses fonctionnalit\u00e9s et [&hellip;]<\/p>\n","protected":false},"author":1,"featured_media":0,"parent":0,"menu_order":0,"comment_status":"closed","ping_status":"closed","template":"","meta":{"_glsr_average":0,"_glsr_ranking":0,"_glsr_reviews":0,"footnotes":""},"class_list":["post-1556","page","type-page","status-publish","hentry"],"yoast_head":"<!-- This site is optimized with the Yoast SEO plugin v23.5 - https:\/\/yoast.com\/wordpress\/plugins\/seo\/ -->\n<title>Politique de confidentialit\u00e9 - Drive Japan<\/title>\n<meta name=\"robots\" content=\"index, follow, max-snippet:-1, max-image-preview:large, max-video-preview:-1\" \/>\n<link rel=\"canonical\" href=\"https:\/\/drivejapan.travel\/fr\/politique-de-confidentialite\/\" \/>\n<meta property=\"og:locale\" content=\"fr_FR\" \/>\n<meta property=\"og:type\" content=\"article\" \/>\n<meta property=\"og:title\" content=\"Politique de confidentialit\u00e9 - Drive Japan\" \/>\n<meta property=\"og:description\" content=\"[Date d&#8217;entr\u00e9e en vigueur : 15.08.2024] Accueil Vous trouverez ci-dessous la politique de confidentialit\u00e9 \u00e9tablie par Drive Japan. La pr\u00e9sente politique de confidentialit\u00e9 d\u00e9crit la nature, la port\u00e9e et la finalit\u00e9 du traitement des donn\u00e9es \u00e0 caract\u00e8re personnel (&#8220;donn\u00e9es&#8221;) dans le cadre de nos services en ligne, y compris notre site web, ses fonctionnalit\u00e9s et [&hellip;]\" \/>\n<meta property=\"og:url\" content=\"https:\/\/drivejapan.travel\/fr\/politique-de-confidentialite\/\" \/>\n<meta property=\"og:site_name\" content=\"Drive Japan\" \/>\n<meta property=\"article:modified_time\" content=\"2024-08-14T07:03:22+00:00\" \/>\n<meta property=\"og:image\" content=\"https:\/\/drivejapan.travel\/wp-content\/uploads\/2024\/08\/sign-accent-1.png\" \/>\n<meta name=\"twitter:card\" content=\"summary_large_image\" \/>\n<meta name=\"twitter:label1\" content=\"Dur\u00e9e de lecture estim\u00e9e\" \/>\n\t<meta name=\"twitter:data1\" content=\"6 minutes\" \/>\n<script type=\"application\/ld+json\" class=\"yoast-schema-graph\">{\"@context\":\"https:\/\/schema.org\",\"@graph\":[{\"@type\":\"WebPage\",\"@id\":\"https:\/\/drivejapan.travel\/fr\/politique-de-confidentialite\/\",\"url\":\"https:\/\/drivejapan.travel\/fr\/politique-de-confidentialite\/\",\"name\":\"Politique de confidentialit\u00e9 - Drive Japan\",\"isPartOf\":{\"@id\":\"https:\/\/drivejapan.travel\/#website\"},\"primaryImageOfPage\":{\"@id\":\"https:\/\/drivejapan.travel\/fr\/politique-de-confidentialite\/#primaryimage\"},\"image\":{\"@id\":\"https:\/\/drivejapan.travel\/fr\/politique-de-confidentialite\/#primaryimage\"},\"thumbnailUrl\":\"https:\/\/drivejapan.travel\/wp-content\/uploads\/2024\/08\/sign-accent-1.png\",\"datePublished\":\"2024-07-26T17:42:13+00:00\",\"dateModified\":\"2024-08-14T07:03:22+00:00\",\"breadcrumb\":{\"@id\":\"https:\/\/drivejapan.travel\/fr\/politique-de-confidentialite\/#breadcrumb\"},\"inLanguage\":\"fr-FR\",\"potentialAction\":[{\"@type\":\"ReadAction\",\"target\":[\"https:\/\/drivejapan.travel\/fr\/politique-de-confidentialite\/\"]}]},{\"@type\":\"ImageObject\",\"inLanguage\":\"fr-FR\",\"@id\":\"https:\/\/drivejapan.travel\/fr\/politique-de-confidentialite\/#primaryimage\",\"url\":\"https:\/\/drivejapan.travel\/wp-content\/uploads\/2024\/08\/sign-accent-1.png\",\"contentUrl\":\"https:\/\/drivejapan.travel\/wp-content\/uploads\/2024\/08\/sign-accent-1.png\"},{\"@type\":\"BreadcrumbList\",\"@id\":\"https:\/\/drivejapan.travel\/fr\/politique-de-confidentialite\/#breadcrumb\",\"itemListElement\":[{\"@type\":\"ListItem\",\"position\":1,\"name\":\"Home\",\"item\":\"https:\/\/drivejapan.travel\/fr\/accueil\/\"},{\"@type\":\"ListItem\",\"position\":2,\"name\":\"Politique de confidentialit\u00e9\"}]},{\"@type\":\"WebSite\",\"@id\":\"https:\/\/drivejapan.travel\/#website\",\"url\":\"https:\/\/drivejapan.travel\/\",\"name\":\"Drive Japan\",\"description\":\"Official Japanese Driver\u2019s License Translations\",\"publisher\":{\"@id\":\"https:\/\/drivejapan.travel\/#organization\"},\"potentialAction\":[{\"@type\":\"SearchAction\",\"target\":{\"@type\":\"EntryPoint\",\"urlTemplate\":\"https:\/\/drivejapan.travel\/?s={search_term_string}\"},\"query-input\":{\"@type\":\"PropertyValueSpecification\",\"valueRequired\":true,\"valueName\":\"search_term_string\"}}],\"inLanguage\":\"fr-FR\"},{\"@type\":\"Organization\",\"@id\":\"https:\/\/drivejapan.travel\/#organization\",\"name\":\"Drive Japan\",\"url\":\"https:\/\/drivejapan.travel\/\",\"logo\":{\"@type\":\"ImageObject\",\"inLanguage\":\"fr-FR\",\"@id\":\"https:\/\/drivejapan.travel\/#\/schema\/logo\/image\/\",\"url\":\"https:\/\/drivejapan.travel\/wp-content\/uploads\/2024\/08\/Asset-2.png\",\"contentUrl\":\"https:\/\/drivejapan.travel\/wp-content\/uploads\/2024\/08\/Asset-2.png\",\"width\":275,\"height\":199,\"caption\":\"Drive Japan\"},\"image\":{\"@id\":\"https:\/\/drivejapan.travel\/#\/schema\/logo\/image\/\"}}]}<\/script>\n<!-- \/ Yoast SEO plugin. -->","yoast_head_json":{"title":"Politique de confidentialit\u00e9 - Drive Japan","robots":{"index":"index","follow":"follow","max-snippet":"max-snippet:-1","max-image-preview":"max-image-preview:large","max-video-preview":"max-video-preview:-1"},"canonical":"https:\/\/drivejapan.travel\/fr\/politique-de-confidentialite\/","og_locale":"fr_FR","og_type":"article","og_title":"Politique de confidentialit\u00e9 - Drive Japan","og_description":"[Date d&#8217;entr\u00e9e en vigueur : 15.08.2024] Accueil Vous trouverez ci-dessous la politique de confidentialit\u00e9 \u00e9tablie par Drive Japan. La pr\u00e9sente politique de confidentialit\u00e9 d\u00e9crit la nature, la port\u00e9e et la finalit\u00e9 du traitement des donn\u00e9es \u00e0 caract\u00e8re personnel (&#8220;donn\u00e9es&#8221;) dans le cadre de nos services en ligne, y compris notre site web, ses fonctionnalit\u00e9s et [&hellip;]","og_url":"https:\/\/drivejapan.travel\/fr\/politique-de-confidentialite\/","og_site_name":"Drive Japan","article_modified_time":"2024-08-14T07:03:22+00:00","og_image":[{"url":"https:\/\/drivejapan.travel\/wp-content\/uploads\/2024\/08\/sign-accent-1.png"}],"twitter_card":"summary_large_image","twitter_misc":{"Dur\u00e9e de lecture estim\u00e9e":"6 minutes"},"schema":{"@context":"https:\/\/schema.org","@graph":[{"@type":"WebPage","@id":"https:\/\/drivejapan.travel\/fr\/politique-de-confidentialite\/","url":"https:\/\/drivejapan.travel\/fr\/politique-de-confidentialite\/","name":"Politique de confidentialit\u00e9 - Drive Japan","isPartOf":{"@id":"https:\/\/drivejapan.travel\/#website"},"primaryImageOfPage":{"@id":"https:\/\/drivejapan.travel\/fr\/politique-de-confidentialite\/#primaryimage"},"image":{"@id":"https:\/\/drivejapan.travel\/fr\/politique-de-confidentialite\/#primaryimage"},"thumbnailUrl":"https:\/\/drivejapan.travel\/wp-content\/uploads\/2024\/08\/sign-accent-1.png","datePublished":"2024-07-26T17:42:13+00:00","dateModified":"2024-08-14T07:03:22+00:00","breadcrumb":{"@id":"https:\/\/drivejapan.travel\/fr\/politique-de-confidentialite\/#breadcrumb"},"inLanguage":"fr-FR","potentialAction":[{"@type":"ReadAction","target":["https:\/\/drivejapan.travel\/fr\/politique-de-confidentialite\/"]}]},{"@type":"ImageObject","inLanguage":"fr-FR","@id":"https:\/\/drivejapan.travel\/fr\/politique-de-confidentialite\/#primaryimage","url":"https:\/\/drivejapan.travel\/wp-content\/uploads\/2024\/08\/sign-accent-1.png","contentUrl":"https:\/\/drivejapan.travel\/wp-content\/uploads\/2024\/08\/sign-accent-1.png"},{"@type":"BreadcrumbList","@id":"https:\/\/drivejapan.travel\/fr\/politique-de-confidentialite\/#breadcrumb","itemListElement":[{"@type":"ListItem","position":1,"name":"Home","item":"https:\/\/drivejapan.travel\/fr\/accueil\/"},{"@type":"ListItem","position":2,"name":"Politique de confidentialit\u00e9"}]},{"@type":"WebSite","@id":"https:\/\/drivejapan.travel\/#website","url":"https:\/\/drivejapan.travel\/","name":"Drive Japan","description":"Official Japanese Driver\u2019s License Translations","publisher":{"@id":"https:\/\/drivejapan.travel\/#organization"},"potentialAction":[{"@type":"SearchAction","target":{"@type":"EntryPoint","urlTemplate":"https:\/\/drivejapan.travel\/?s={search_term_string}"},"query-input":{"@type":"PropertyValueSpecification","valueRequired":true,"valueName":"search_term_string"}}],"inLanguage":"fr-FR"},{"@type":"Organization","@id":"https:\/\/drivejapan.travel\/#organization","name":"Drive Japan","url":"https:\/\/drivejapan.travel\/","logo":{"@type":"ImageObject","inLanguage":"fr-FR","@id":"https:\/\/drivejapan.travel\/#\/schema\/logo\/image\/","url":"https:\/\/drivejapan.travel\/wp-content\/uploads\/2024\/08\/Asset-2.png","contentUrl":"https:\/\/drivejapan.travel\/wp-content\/uploads\/2024\/08\/Asset-2.png","width":275,"height":199,"caption":"Drive Japan"},"image":{"@id":"https:\/\/drivejapan.travel\/#\/schema\/logo\/image\/"}}]}},"_links":{"self":[{"href":"https:\/\/drivejapan.travel\/fr\/wp-json\/wp\/v2\/pages\/1556"}],"collection":[{"href":"https:\/\/drivejapan.travel\/fr\/wp-json\/wp\/v2\/pages"}],"about":[{"href":"https:\/\/drivejapan.travel\/fr\/wp-json\/wp\/v2\/types\/page"}],"author":[{"embeddable":true,"href":"https:\/\/drivejapan.travel\/fr\/wp-json\/wp\/v2\/users\/1"}],"replies":[{"embeddable":true,"href":"https:\/\/drivejapan.travel\/fr\/wp-json\/wp\/v2\/comments?post=1556"}],"version-history":[{"count":2,"href":"https:\/\/drivejapan.travel\/fr\/wp-json\/wp\/v2\/pages\/1556\/revisions"}],"predecessor-version":[{"id":1559,"href":"https:\/\/drivejapan.travel\/fr\/wp-json\/wp\/v2\/pages\/1556\/revisions\/1559"}],"wp:attachment":[{"href":"https:\/\/drivejapan.travel\/fr\/wp-json\/wp\/v2\/media?parent=1556"}],"curies":[{"name":"wp","href":"https:\/\/api.w.org\/{rel}","templated":true}]}}