{"id":1622,"date":"2024-08-13T03:08:36","date_gmt":"2024-08-13T03:08:36","guid":{"rendered":"https:\/\/drivejapan.travel\/bedingungen-und-konditionen\/"},"modified":"2024-08-14T07:39:41","modified_gmt":"2024-08-14T07:39:41","slug":"bedingungen-und-konditionen","status":"publish","type":"page","link":"https:\/\/drivejapan.travel\/de\/bedingungen-und-konditionen\/","title":{"rendered":"Bedingungen und Konditionen"},"content":{"rendered":"\t\t<div data-elementor-type=\"wp-page\" data-elementor-id=\"1622\" class=\"elementor elementor-1622\" data-elementor-post-type=\"page\">\n\t\t\t\t<div class=\"elementor-element elementor-element-e722190 e-con-full e-flex e-con e-parent\" data-id=\"e722190\" data-element_type=\"container\" data-e-type=\"container\">\n\t\t<div class=\"elementor-element elementor-element-6b0d1b6 e-flex e-con-boxed e-con e-child\" data-id=\"6b0d1b6\" data-element_type=\"container\" data-e-type=\"container\" data-settings=\"{&quot;background_background&quot;:&quot;classic&quot;}\">\n\t\t\t\t\t<div class=\"e-con-inner\">\n\t\t<div class=\"elementor-element elementor-element-fe0db2e e-con-full e-flex e-con e-child\" data-id=\"fe0db2e\" data-element_type=\"container\" data-e-type=\"container\">\n\t\t<div class=\"elementor-element elementor-element-519a498 e-con-full e-flex e-con e-child\" data-id=\"519a498\" data-element_type=\"container\" data-e-type=\"container\">\n\t\t<div class=\"elementor-element elementor-element-2e91d50 e-con-full e-flex e-con e-child\" data-id=\"2e91d50\" data-element_type=\"container\" data-e-type=\"container\">\n\t\t\t\t<div class=\"elementor-element elementor-element-830a0bf elementor-widget__width-auto elementor-widget elementor-widget-image\" data-id=\"830a0bf\" data-element_type=\"widget\" data-e-type=\"widget\" data-widget_type=\"image.default\">\n\t\t\t\t<div class=\"elementor-widget-container\">\n\t\t\t\t\t\t\t\t\t\t\t\t\t\t\t<img decoding=\"async\" width=\"200\" height=\"200\" src=\"https:\/\/drivejapan.travel\/wp-content\/uploads\/2024\/08\/sign-accent-1.png\" class=\"attachment-large size-large wp-image-556\" alt=\"\" srcset=\"https:\/\/drivejapan.travel\/wp-content\/uploads\/2024\/08\/sign-accent-1.png 200w, https:\/\/drivejapan.travel\/wp-content\/uploads\/2024\/08\/sign-accent-1-100x100.png 100w, https:\/\/drivejapan.travel\/wp-content\/uploads\/2024\/08\/sign-accent-1-150x150.png 150w\" sizes=\"(max-width: 200px) 100vw, 200px\" \/>\t\t\t\t\t\t\t\t\t\t\t\t\t\t\t<\/div>\n\t\t\t\t<\/div>\n\t\t\t\t<\/div>\n\t\t\t\t<\/div>\n\t\t<div class=\"elementor-element elementor-element-c9a69a2 e-con-full e-flex e-con e-child\" data-id=\"c9a69a2\" data-element_type=\"container\" data-e-type=\"container\">\n\t\t\t\t<div class=\"elementor-element elementor-element-dcdc2c9 elementor-icon-list--layout-inline elementor-align-end elementor-list-item-link-full_width elementor-widget elementor-widget-icon-list\" data-id=\"dcdc2c9\" data-element_type=\"widget\" data-e-type=\"widget\" data-widget_type=\"icon-list.default\">\n\t\t\t\t<div class=\"elementor-widget-container\">\n\t\t\t\t\t\t\t<ul class=\"elementor-icon-list-items elementor-inline-items\">\n\t\t\t\t\t\t\t<li class=\"elementor-icon-list-item elementor-inline-item\">\n\t\t\t\t\t\t\t\t\t\t\t<a href=\"https:\/\/drivejapan.travel\/de\/\">\n\n\t\t\t\t\t\t\t\t\t\t\t<span class=\"elementor-icon-list-text\">Startseite<\/span>\n\t\t\t\t\t\t\t\t\t\t\t<\/a>\n\t\t\t\t\t\t\t\t\t<\/li>\n\t\t\t\t\t\t\t\t<li class=\"elementor-icon-list-item elementor-inline-item\">\n\t\t\t\t\t\t\t\t\t\t\t<span class=\"elementor-icon-list-icon\">\n\t\t\t\t\t\t\t<svg aria-hidden=\"true\" class=\"e-font-icon-svg e-fas-arrow-alt-circle-right\" viewBox=\"0 0 512 512\" xmlns=\"http:\/\/www.w3.org\/2000\/svg\"><path d=\"M256 8c137 0 248 111 248 248S393 504 256 504 8 393 8 256 119 8 256 8zM140 300h116v70.9c0 10.7 13 16.1 20.5 8.5l114.3-114.9c4.7-4.7 4.7-12.2 0-16.9l-114.3-115c-7.6-7.6-20.5-2.2-20.5 8.5V212H140c-6.6 0-12 5.4-12 12v64c0 6.6 5.4 12 12 12z\"><\/path><\/svg>\t\t\t\t\t\t<\/span>\n\t\t\t\t\t\t\t\t\t\t<span class=\"elementor-icon-list-text\"><\/span>\n\t\t\t\t\t\t\t\t\t<\/li>\n\t\t\t\t\t\t<\/ul>\n\t\t\t\t\t\t<\/div>\n\t\t\t\t<\/div>\n\t\t\t\t<\/div>\n\t\t\t\t<\/div>\n\t\t\t\t\t<\/div>\n\t\t\t\t<\/div>\n\t\t\t\t<\/div>\n\t\t<div class=\"elementor-element elementor-element-65657cd e-con-full e-flex e-con e-parent\" data-id=\"65657cd\" data-element_type=\"container\" data-e-type=\"container\">\n\t\t<div class=\"elementor-element elementor-element-0e3e500 e-flex e-con-boxed e-con e-child\" data-id=\"0e3e500\" data-element_type=\"container\" data-e-type=\"container\" data-settings=\"{&quot;background_background&quot;:&quot;classic&quot;}\">\n\t\t\t\t\t<div class=\"e-con-inner\">\n\t\t<div class=\"elementor-element elementor-element-269e5a9 e-flex e-con-boxed e-con e-child\" data-id=\"269e5a9\" data-element_type=\"container\" data-e-type=\"container\" data-settings=\"{&quot;background_background&quot;:&quot;classic&quot;}\">\n\t\t\t\t\t<div class=\"e-con-inner\">\n\t\t<div class=\"elementor-element elementor-element-99b4336 e-flex e-con-boxed e-con e-child\" data-id=\"99b4336\" data-element_type=\"container\" data-e-type=\"container\">\n\t\t\t\t\t<div class=\"e-con-inner\">\n\t\t\t\t<div class=\"elementor-element elementor-element-d7c54cd elementor-widget elementor-widget-text-editor\" data-id=\"d7c54cd\" data-element_type=\"widget\" data-e-type=\"widget\" data-widget_type=\"text-editor.default\">\n\t\t\t\t<div class=\"elementor-widget-container\">\n\t\t\t\t\t\t\t\t\t<p>Nachfolgend finden Sie die Allgemeinen Gesch\u00e4ftsbedingungen f\u00fcr <a data-v-79552c98=\"\">Drive Japan<\/a> (zug\u00e4nglich \u00fcber <a href=\"http:\/\/drivejapan.travel\" data-v-79552c98=\"\">drivejapan.travel <\/a>).<\/p>\n<p><strong>Antragsbearbeitung:<\/strong><br \/>Das Unternehmen bearbeitet Antr\u00e4ge auf der Grundlage von Kundenangaben und -anfragen, haftet jedoch nicht f\u00fcr Fehler in den vom Kunden bereitgestellten Informationen.<br \/>\nDas Unternehmen bem\u00fcht sich um korrekte \u00dcbersetzungen innerhalb des angegebenen Zeitrahmens, ist jedoch nicht verantwortlich f\u00fcr Probleme, die von der Japan Automobile Federation aufgeworfen werden, einschlie\u00dflich der Weigerung, eine \u00dcbersetzung auszustellen oder zu akzeptieren, Fehler in der \u00dcbersetzung oder Verz\u00f6gerungen bei der Bearbeitung.<br \/>\nDie \u00dcbersetzung ist nur g\u00fcltig, wenn sie einem bestehenden F\u00fchrerschein aus der Schweiz, Frankreich, Belgien, Deutschland, Monaco und Taiwan beigef\u00fcgt wird.<br \/>\nSie kann nicht f\u00fcr die Umwandlung in einen japanischen F\u00fchrerschein verwendet werden.   <\/p>\n<p>Sollten Fehler oder Auslassungen des Unternehmens die oben genannten Probleme verursachen, beschr\u00e4nkt sich die Haftung des Unternehmens auf die Kosten f\u00fcr eine Ersatz\u00fcbersetzung oder die R\u00fcckerstattung der gezahlten Geb\u00fchren.<br \/>\nDas Unternehmen haftet nicht f\u00fcr Folgesch\u00e4den, einschlie\u00dflich, aber nicht beschr\u00e4nkt auf entgangenen Gewinn, Mietgeb\u00fchren oder Bu\u00dfgelder. <\/p>\n<p><strong>Widerrufsrecht:<\/strong><br \/>Mit der Online-Anmeldung erkl\u00e4ren Sie sich mit der sofortigen Bearbeitung Ihrer Anmeldung einverstanden und verzichten auf Ihr Widerrufsrecht.<br \/>\nDies liegt daran, dass das Schweizer Recht kein Recht auf Stornierung oder Umtausch vorsieht.<br \/>\nEs gilt der Grundsatz &#8220;pacta sunt servanda&#8221; (lateinisch f\u00fcr &#8220;Vertr\u00e4ge m\u00fcssen eingehalten werden&#8221;).  <\/p>\n<p><strong>Eigentum:<\/strong><br \/>Diese Website, drivejapan.travel, ist Eigentum von Drive Japan und wird von ihr betrieben.<br \/>\nWenn Sie mit diesen Bedingungen nicht einverstanden sind, nutzen Sie diese Website bitte nicht. <\/p>\n<p><strong>Nutzungsbeschr\u00e4nkungen:<\/strong><br \/>Es ist Ihnen untersagt, diese Website oder die angebotenen Dienste zum pers\u00f6nlichen Vorteil zu nutzen oder \u00fcber die Website erhaltene Dienste oder Informationen zu verkaufen, anzubieten oder davon zu profitieren.<\/p>\n<p><strong>Sicherheit:<\/strong><br \/>Wir behalten uns das Recht vor, neue Sicherheitsma\u00dfnahmen einzuf\u00fchren, den Zugang vor\u00fcbergehend einzuschr\u00e4nken oder notwendige Ma\u00dfnahmen zu ergreifen, um die Sicherheit und Integrit\u00e4t der Website zu sch\u00fctzen.<\/p>\n<p><strong>Genauigkeit und Inhalt der Website:<\/strong><br \/>Obwohl wir bei der Zusammenstellung der Informationen auf der Website angemessene Sorgfalt walten lassen, k\u00f6nnen einige Daten von Dritten stammen.<br \/>\nWir \u00fcbernehmen keine Garantie f\u00fcr deren Richtigkeit und sind nicht f\u00fcr Fehler oder Auslassungen verantwortlich.<br \/>\nDie Informationen werden ohne Gew\u00e4hr bereitgestellt, und der Inhalt der Website kann sich ohne vorherige Ank\u00fcndigung \u00e4ndern.  <\/p>\n<p><strong>Eingeschr\u00e4nkte Lizenz und Eigentum:<\/strong><br \/>Sie d\u00fcrfen Materialien von dieser Website f\u00fcr den pers\u00f6nlichen, nicht-kommerziellen Gebrauch herunterladen und ausdrucken, vorausgesetzt, alle Urheberrechts- und Eigentumsvermerke bleiben intakt.<br \/>\nJegliche andere Nutzung, einschlie\u00dflich des Framings oder Spiegelns der Website, ist strengstens untersagt.<br \/>\nDie eingeschr\u00e4nkte Lizenz ist an die Einhaltung dieser Bedingungen gekn\u00fcpft.  <\/p>\n<p><strong>Software:<\/strong><br \/>Jede Software, die zum Herunterladen zur Verf\u00fcgung steht, ist unser Eigentum oder wird von uns lizenziert und zur Nutzung in \u00dcbereinstimmung mit der Endbenutzerlizenz oder diesen Bedingungen bereitgestellt.<\/p>\n<p><strong>Geistiges Eigentum:<\/strong><br \/>Alle Rechte an geistigem Eigentum im Zusammenhang mit dieser Website sind <a href=\"http:\/\/drivejapan.travel\" target=\"_blank\" rel=\"noopener\">drivejapan.travel<\/a> oder den jeweiligen Eigent\u00fcmern der auf der Website dargestellten Marken, Namen und Logos vorbehalten.<\/p>\n<p><strong>Ihr Einverst\u00e4ndnis:<\/strong><br \/>Durch die Nutzung dieser Website erkl\u00e4ren Sie sich damit einverstanden, dass drivejapan.travel Ihre Daten verarbeitet und \u00fcbertr\u00e4gt, soweit dies erforderlich ist, um Ihnen Dienstleistungen zu erbringen und Ihnen die Nutzung der Website zu erm\u00f6glichen.<\/p>\n<p><strong>Lieferbedingungen:<\/strong><br \/>Unsere Lieferbedingungen erl\u00e4utern, wie wir den auf unserer Website angebotenen Verarbeitungsservice anbieten.<br \/>\ndrivejapan.travel ist eine private Agentur f\u00fcr die Verarbeitung von \u00dcbersetzungsauftr\u00e4gen, die nicht mit der japanischen Regierung verbunden ist.<br \/>\nWir verarbeiten die Antragsdaten unserer Kunden, garantieren jedoch nicht die Annahme des Antrags.<br \/>\nDie Kunden sind f\u00fcr die Bereitstellung korrekter Informationen verantwortlich, und wir haften nicht f\u00fcr abgelehnte Antr\u00e4ge aufgrund falscher oder ung\u00fcltiger Informationen.   <\/p>\n<p><strong>Haftungsausschluss und Haftungsbeschr\u00e4nkung:<\/strong><br \/>Diese Website wird ohne Garantie zur Verf\u00fcgung gestellt, und wir lehnen jede Haftung f\u00fcr Fehler, Ungenauigkeiten oder Unterbrechungen ab.<br \/>\nUnsere Haftung ist auf CHF 10 pro Schadensfall beschr\u00e4nkt, mit Ausnahme von Verlusten oder Sch\u00e4den aufgrund von Tod, K\u00f6rperverletzung oder Betrug.<br \/>\nDie Rechte der Verbraucher bleiben davon unber\u00fchrt.  <\/p>\n<p><strong>R\u00fcckerstattungsrichtlinie:<\/strong><br \/>Es werden keine R\u00fcckerstattungen gew\u00e4hrt, wenn die Japan Automobile Federation Ihre Anmeldung ablehnt, da wir ein privates Unternehmen sind, das nicht mit staatlichen Stellen verbunden ist.<br \/>\nWir akzeptieren keine Stornierungen oder R\u00fcckerstattungen. <\/p>\n<p><strong>Trennbarkeit:<\/strong><br \/>Sollte eine Bestimmung dieser Bedingungen ung\u00fcltig sein, bleiben die \u00fcbrigen Bestimmungen in Kraft.<br \/>\nUng\u00fcltige Bestimmungen werden so ge\u00e4ndert, dass ihr Zweck erhalten bleibt. <\/p>\n<p><strong>Gesamte Vereinbarung:<\/strong><br \/>Diese Bedingungen stellen die gesamte Vereinbarung zwischen uns bez\u00fcglich Ihrer Nutzung dieser Website dar und ersetzen alle fr\u00fcheren Vereinbarungen.<\/p>\n<p><strong>\u00c4nderung der Bedingungen:<\/strong><br \/>Wir k\u00f6nnen diese Bedingungen ohne Vorank\u00fcndigung \u00e4ndern, und die fortgesetzte Nutzung der Website gilt als Zustimmung zu den ge\u00e4nderten Bedingungen.<\/p>\n<p><strong>\u00dcber uns:<\/strong><br \/>Diese Website wird von Japan Driving zur Verf\u00fcgung gestellt, mit Gesch\u00e4ftszeiten von 0900 bis 1700 an Wochentagen, au\u00dfer an Feiertagen.<br \/>\nSie finden uns in der Suurstoffi, 6343 Risch-Rotkreuz, Schweiz. <\/p>\n<p><strong>Sonstiges:<\/strong><br \/>Diese Bedingungen begr\u00fcnden kein Partnerschafts- oder Arbeitsverh\u00e4ltnis.<br \/>\nSie d\u00fcrfen Ihre Rechte aus diesen Bedingungen nicht ohne unsere Zustimmung \u00fcbertragen.<br \/>\nDie \u00dcberschriften dienen nur der \u00dcbersichtlichkeit.  <\/p>\n<p><strong>Beendigung:<\/strong><br \/>Wir k\u00f6nnen Ihren Zugang zu dieser Website ohne Vorank\u00fcndigung sperren, wenn Sie diese Bedingungen nicht einhalten.<\/p>\n<p><strong>Rechte Dritter:<\/strong><br \/>Keine dritte Partei hat Rechte unter diesen Bedingungen.<\/p>\n<p><strong>Geltendes Recht:<\/strong><br \/>Die Nutzung dieser Website unterliegt schweizerischem Recht, und Streitigkeiten werden vor Schweizer Gerichten ausgetragen.<\/p>\n<p><strong>Zus\u00e4tzliche Anforderungen:<\/strong><br \/>Erkundigen Sie sich bei der zust\u00e4ndigen Japan Automobile Federation nach den spezifischen Anforderungen.<br \/>\nWir haften nicht f\u00fcr die Unf\u00e4higkeit, ein Auto zu fahren oder zu mieten, wenn Dokumente fehlen. <\/p>\n<p><strong>Autorisierung von gesch\u00e4ftlichen Bestellungen:<\/strong><br \/>Gesch\u00e4ftliche und kommerzielle Bestellungen bed\u00fcrfen der vorherigen Autorisierung durch drivejapan.travel.<br \/>\nNicht autorisierte Bestellungen k\u00f6nnen storniert werden.<br \/>\nDie Autorisierungsbedingungen k\u00f6nnen sich \u00e4ndern und m\u00fcssen von Unternehmen eingehalten werden.  <\/p>\n\t\t\t\t\t\t\t\t<\/div>\n\t\t\t\t<\/div>\n\t\t\t\t\t<\/div>\n\t\t\t\t<\/div>\n\t\t\t\t\t<\/div>\n\t\t\t\t<\/div>\n\t\t\t\t\t<\/div>\n\t\t\t\t<\/div>\n\t\t\t\t<\/div>\n\t\t\t\t<\/div>\n\t\t","protected":false},"excerpt":{"rendered":"<p>Startseite Nachfolgend finden Sie die Allgemeinen Gesch\u00e4ftsbedingungen f\u00fcr Drive Japan (zug\u00e4nglich \u00fcber drivejapan.travel ). Antragsbearbeitung:Das Unternehmen bearbeitet Antr\u00e4ge auf der Grundlage von Kundenangaben und -anfragen, haftet jedoch nicht f\u00fcr Fehler in den vom Kunden bereitgestellten Informationen. Das Unternehmen bem\u00fcht sich um korrekte \u00dcbersetzungen innerhalb des angegebenen Zeitrahmens, ist jedoch nicht verantwortlich f\u00fcr Probleme, die von [&hellip;]<\/p>\n","protected":false},"author":1,"featured_media":0,"parent":0,"menu_order":0,"comment_status":"closed","ping_status":"closed","template":"","meta":{"_glsr_average":0,"_glsr_ranking":0,"_glsr_reviews":0,"footnotes":""},"class_list":["post-1622","page","type-page","status-publish","hentry"],"yoast_head":"<!-- This site is optimized with the Yoast SEO plugin v23.5 - https:\/\/yoast.com\/wordpress\/plugins\/seo\/ -->\n<title>Bedingungen und Konditionen - Drive Japan<\/title>\n<meta name=\"robots\" content=\"index, follow, max-snippet:-1, max-image-preview:large, max-video-preview:-1\" \/>\n<link rel=\"canonical\" href=\"https:\/\/drivejapan.travel\/de\/bedingungen-und-konditionen\/\" \/>\n<meta property=\"og:locale\" content=\"de_DE\" \/>\n<meta property=\"og:type\" content=\"article\" \/>\n<meta property=\"og:title\" content=\"Bedingungen und Konditionen - Drive Japan\" \/>\n<meta property=\"og:description\" content=\"Startseite Nachfolgend finden Sie die Allgemeinen Gesch\u00e4ftsbedingungen f\u00fcr Drive Japan (zug\u00e4nglich \u00fcber drivejapan.travel ). Antragsbearbeitung:Das Unternehmen bearbeitet Antr\u00e4ge auf der Grundlage von Kundenangaben und -anfragen, haftet jedoch nicht f\u00fcr Fehler in den vom Kunden bereitgestellten Informationen. Das Unternehmen bem\u00fcht sich um korrekte \u00dcbersetzungen innerhalb des angegebenen Zeitrahmens, ist jedoch nicht verantwortlich f\u00fcr Probleme, die von [&hellip;]\" \/>\n<meta property=\"og:url\" content=\"https:\/\/drivejapan.travel\/de\/bedingungen-und-konditionen\/\" \/>\n<meta property=\"og:site_name\" content=\"Drive Japan\" \/>\n<meta property=\"article:modified_time\" content=\"2024-08-14T07:39:41+00:00\" \/>\n<meta property=\"og:image\" content=\"https:\/\/drivejapan.travel\/wp-content\/uploads\/2024\/08\/sign-accent-1.png\" \/>\n<meta name=\"twitter:card\" content=\"summary_large_image\" \/>\n<meta name=\"twitter:label1\" content=\"Gesch\u00e4tzte Lesezeit\" \/>\n\t<meta name=\"twitter:data1\" content=\"5\u00a0Minuten\" \/>\n<script type=\"application\/ld+json\" class=\"yoast-schema-graph\">{\"@context\":\"https:\/\/schema.org\",\"@graph\":[{\"@type\":\"WebPage\",\"@id\":\"https:\/\/drivejapan.travel\/de\/bedingungen-und-konditionen\/\",\"url\":\"https:\/\/drivejapan.travel\/de\/bedingungen-und-konditionen\/\",\"name\":\"Bedingungen und Konditionen - Drive Japan\",\"isPartOf\":{\"@id\":\"https:\/\/drivejapan.travel\/#website\"},\"primaryImageOfPage\":{\"@id\":\"https:\/\/drivejapan.travel\/de\/bedingungen-und-konditionen\/#primaryimage\"},\"image\":{\"@id\":\"https:\/\/drivejapan.travel\/de\/bedingungen-und-konditionen\/#primaryimage\"},\"thumbnailUrl\":\"https:\/\/drivejapan.travel\/wp-content\/uploads\/2024\/08\/sign-accent-1.png\",\"datePublished\":\"2024-08-13T03:08:36+00:00\",\"dateModified\":\"2024-08-14T07:39:41+00:00\",\"breadcrumb\":{\"@id\":\"https:\/\/drivejapan.travel\/de\/bedingungen-und-konditionen\/#breadcrumb\"},\"inLanguage\":\"de\",\"potentialAction\":[{\"@type\":\"ReadAction\",\"target\":[\"https:\/\/drivejapan.travel\/de\/bedingungen-und-konditionen\/\"]}]},{\"@type\":\"ImageObject\",\"inLanguage\":\"de\",\"@id\":\"https:\/\/drivejapan.travel\/de\/bedingungen-und-konditionen\/#primaryimage\",\"url\":\"https:\/\/drivejapan.travel\/wp-content\/uploads\/2024\/08\/sign-accent-1.png\",\"contentUrl\":\"https:\/\/drivejapan.travel\/wp-content\/uploads\/2024\/08\/sign-accent-1.png\"},{\"@type\":\"BreadcrumbList\",\"@id\":\"https:\/\/drivejapan.travel\/de\/bedingungen-und-konditionen\/#breadcrumb\",\"itemListElement\":[{\"@type\":\"ListItem\",\"position\":1,\"name\":\"Home\",\"item\":\"https:\/\/drivejapan.travel\/de\/startseite\/\"},{\"@type\":\"ListItem\",\"position\":2,\"name\":\"Bedingungen und Konditionen\"}]},{\"@type\":\"WebSite\",\"@id\":\"https:\/\/drivejapan.travel\/#website\",\"url\":\"https:\/\/drivejapan.travel\/\",\"name\":\"Drive Japan\",\"description\":\"Official Japanese Driver\u2019s License Translations\",\"publisher\":{\"@id\":\"https:\/\/drivejapan.travel\/#organization\"},\"potentialAction\":[{\"@type\":\"SearchAction\",\"target\":{\"@type\":\"EntryPoint\",\"urlTemplate\":\"https:\/\/drivejapan.travel\/?s={search_term_string}\"},\"query-input\":{\"@type\":\"PropertyValueSpecification\",\"valueRequired\":true,\"valueName\":\"search_term_string\"}}],\"inLanguage\":\"de\"},{\"@type\":\"Organization\",\"@id\":\"https:\/\/drivejapan.travel\/#organization\",\"name\":\"Drive Japan\",\"url\":\"https:\/\/drivejapan.travel\/\",\"logo\":{\"@type\":\"ImageObject\",\"inLanguage\":\"de\",\"@id\":\"https:\/\/drivejapan.travel\/#\/schema\/logo\/image\/\",\"url\":\"https:\/\/drivejapan.travel\/wp-content\/uploads\/2024\/08\/Asset-2.png\",\"contentUrl\":\"https:\/\/drivejapan.travel\/wp-content\/uploads\/2024\/08\/Asset-2.png\",\"width\":275,\"height\":199,\"caption\":\"Drive Japan\"},\"image\":{\"@id\":\"https:\/\/drivejapan.travel\/#\/schema\/logo\/image\/\"}}]}<\/script>\n<!-- \/ Yoast SEO plugin. -->","yoast_head_json":{"title":"Bedingungen und Konditionen - Drive Japan","robots":{"index":"index","follow":"follow","max-snippet":"max-snippet:-1","max-image-preview":"max-image-preview:large","max-video-preview":"max-video-preview:-1"},"canonical":"https:\/\/drivejapan.travel\/de\/bedingungen-und-konditionen\/","og_locale":"de_DE","og_type":"article","og_title":"Bedingungen und Konditionen - Drive Japan","og_description":"Startseite Nachfolgend finden Sie die Allgemeinen Gesch\u00e4ftsbedingungen f\u00fcr Drive Japan (zug\u00e4nglich \u00fcber drivejapan.travel ). Antragsbearbeitung:Das Unternehmen bearbeitet Antr\u00e4ge auf der Grundlage von Kundenangaben und -anfragen, haftet jedoch nicht f\u00fcr Fehler in den vom Kunden bereitgestellten Informationen. Das Unternehmen bem\u00fcht sich um korrekte \u00dcbersetzungen innerhalb des angegebenen Zeitrahmens, ist jedoch nicht verantwortlich f\u00fcr Probleme, die von [&hellip;]","og_url":"https:\/\/drivejapan.travel\/de\/bedingungen-und-konditionen\/","og_site_name":"Drive Japan","article_modified_time":"2024-08-14T07:39:41+00:00","og_image":[{"url":"https:\/\/drivejapan.travel\/wp-content\/uploads\/2024\/08\/sign-accent-1.png"}],"twitter_card":"summary_large_image","twitter_misc":{"Gesch\u00e4tzte Lesezeit":"5\u00a0Minuten"},"schema":{"@context":"https:\/\/schema.org","@graph":[{"@type":"WebPage","@id":"https:\/\/drivejapan.travel\/de\/bedingungen-und-konditionen\/","url":"https:\/\/drivejapan.travel\/de\/bedingungen-und-konditionen\/","name":"Bedingungen und Konditionen - Drive Japan","isPartOf":{"@id":"https:\/\/drivejapan.travel\/#website"},"primaryImageOfPage":{"@id":"https:\/\/drivejapan.travel\/de\/bedingungen-und-konditionen\/#primaryimage"},"image":{"@id":"https:\/\/drivejapan.travel\/de\/bedingungen-und-konditionen\/#primaryimage"},"thumbnailUrl":"https:\/\/drivejapan.travel\/wp-content\/uploads\/2024\/08\/sign-accent-1.png","datePublished":"2024-08-13T03:08:36+00:00","dateModified":"2024-08-14T07:39:41+00:00","breadcrumb":{"@id":"https:\/\/drivejapan.travel\/de\/bedingungen-und-konditionen\/#breadcrumb"},"inLanguage":"de","potentialAction":[{"@type":"ReadAction","target":["https:\/\/drivejapan.travel\/de\/bedingungen-und-konditionen\/"]}]},{"@type":"ImageObject","inLanguage":"de","@id":"https:\/\/drivejapan.travel\/de\/bedingungen-und-konditionen\/#primaryimage","url":"https:\/\/drivejapan.travel\/wp-content\/uploads\/2024\/08\/sign-accent-1.png","contentUrl":"https:\/\/drivejapan.travel\/wp-content\/uploads\/2024\/08\/sign-accent-1.png"},{"@type":"BreadcrumbList","@id":"https:\/\/drivejapan.travel\/de\/bedingungen-und-konditionen\/#breadcrumb","itemListElement":[{"@type":"ListItem","position":1,"name":"Home","item":"https:\/\/drivejapan.travel\/de\/startseite\/"},{"@type":"ListItem","position":2,"name":"Bedingungen und Konditionen"}]},{"@type":"WebSite","@id":"https:\/\/drivejapan.travel\/#website","url":"https:\/\/drivejapan.travel\/","name":"Drive Japan","description":"Official Japanese Driver\u2019s License Translations","publisher":{"@id":"https:\/\/drivejapan.travel\/#organization"},"potentialAction":[{"@type":"SearchAction","target":{"@type":"EntryPoint","urlTemplate":"https:\/\/drivejapan.travel\/?s={search_term_string}"},"query-input":{"@type":"PropertyValueSpecification","valueRequired":true,"valueName":"search_term_string"}}],"inLanguage":"de"},{"@type":"Organization","@id":"https:\/\/drivejapan.travel\/#organization","name":"Drive Japan","url":"https:\/\/drivejapan.travel\/","logo":{"@type":"ImageObject","inLanguage":"de","@id":"https:\/\/drivejapan.travel\/#\/schema\/logo\/image\/","url":"https:\/\/drivejapan.travel\/wp-content\/uploads\/2024\/08\/Asset-2.png","contentUrl":"https:\/\/drivejapan.travel\/wp-content\/uploads\/2024\/08\/Asset-2.png","width":275,"height":199,"caption":"Drive Japan"},"image":{"@id":"https:\/\/drivejapan.travel\/#\/schema\/logo\/image\/"}}]}},"_links":{"self":[{"href":"https:\/\/drivejapan.travel\/de\/wp-json\/wp\/v2\/pages\/1622"}],"collection":[{"href":"https:\/\/drivejapan.travel\/de\/wp-json\/wp\/v2\/pages"}],"about":[{"href":"https:\/\/drivejapan.travel\/de\/wp-json\/wp\/v2\/types\/page"}],"author":[{"embeddable":true,"href":"https:\/\/drivejapan.travel\/de\/wp-json\/wp\/v2\/users\/1"}],"replies":[{"embeddable":true,"href":"https:\/\/drivejapan.travel\/de\/wp-json\/wp\/v2\/comments?post=1622"}],"version-history":[{"count":1,"href":"https:\/\/drivejapan.travel\/de\/wp-json\/wp\/v2\/pages\/1622\/revisions"}],"predecessor-version":[{"id":1624,"href":"https:\/\/drivejapan.travel\/de\/wp-json\/wp\/v2\/pages\/1622\/revisions\/1624"}],"wp:attachment":[{"href":"https:\/\/drivejapan.travel\/de\/wp-json\/wp\/v2\/media?parent=1622"}],"curies":[{"name":"wp","href":"https:\/\/api.w.org\/{rel}","templated":true}]}}