{"id":1618,"date":"2024-08-03T22:44:20","date_gmt":"2024-08-03T22:44:20","guid":{"rendered":"https:\/\/drivejapan.travel\/wie-man-in-japan-faehrt\/"},"modified":"2024-08-14T07:39:41","modified_gmt":"2024-08-14T07:39:41","slug":"wie-man-in-japan-faehrt","status":"publish","type":"page","link":"https:\/\/drivejapan.travel\/de\/wie-man-in-japan-faehrt\/","title":{"rendered":"Wie man in Japan f\u00e4hrt"},"content":{"rendered":"\t\t<div data-elementor-type=\"wp-page\" data-elementor-id=\"1618\" class=\"elementor elementor-1618\" data-elementor-post-type=\"page\">\n\t\t\t\t<div class=\"elementor-element elementor-element-e5a6deb e-con-full e-flex e-con e-parent\" data-id=\"e5a6deb\" data-element_type=\"container\" data-e-type=\"container\">\n\t\t<div class=\"elementor-element elementor-element-053a872 e-flex e-con-boxed e-con e-child\" data-id=\"053a872\" data-element_type=\"container\" data-e-type=\"container\" data-settings=\"{&quot;background_background&quot;:&quot;classic&quot;}\">\n\t\t\t\t\t<div class=\"e-con-inner\">\n\t\t<div class=\"elementor-element elementor-element-8ed2d4d e-con-full e-flex e-con e-child\" data-id=\"8ed2d4d\" data-element_type=\"container\" data-e-type=\"container\">\n\t\t<div class=\"elementor-element elementor-element-1f15632 e-con-full e-flex e-con e-child\" data-id=\"1f15632\" data-element_type=\"container\" data-e-type=\"container\">\n\t\t<div class=\"elementor-element elementor-element-0208df2 e-con-full e-flex e-con e-child\" data-id=\"0208df2\" data-element_type=\"container\" data-e-type=\"container\">\n\t\t\t\t<div class=\"elementor-element elementor-element-35fcdc5 elementor-widget__width-auto elementor-widget elementor-widget-image\" data-id=\"35fcdc5\" data-element_type=\"widget\" data-e-type=\"widget\" data-widget_type=\"image.default\">\n\t\t\t\t<div class=\"elementor-widget-container\">\n\t\t\t\t\t\t\t\t\t\t\t\t\t\t\t<img decoding=\"async\" width=\"200\" height=\"200\" src=\"https:\/\/drivejapan.travel\/wp-content\/uploads\/2024\/08\/sign-accent-1.png\" class=\"attachment-large size-large wp-image-556\" alt=\"\" srcset=\"https:\/\/drivejapan.travel\/wp-content\/uploads\/2024\/08\/sign-accent-1.png 200w, https:\/\/drivejapan.travel\/wp-content\/uploads\/2024\/08\/sign-accent-1-100x100.png 100w, https:\/\/drivejapan.travel\/wp-content\/uploads\/2024\/08\/sign-accent-1-150x150.png 150w\" sizes=\"(max-width: 200px) 100vw, 200px\" \/>\t\t\t\t\t\t\t\t\t\t\t\t\t\t\t<\/div>\n\t\t\t\t<\/div>\n\t\t\t\t<\/div>\n\t\t\t\t<div class=\"elementor-element elementor-element-989bf09 elementor-widget elementor-widget-text-editor\" data-id=\"989bf09\" data-element_type=\"widget\" data-e-type=\"widget\" data-widget_type=\"text-editor.default\">\n\t\t\t\t<div class=\"elementor-widget-container\">\n\t\t\t\t\t\t\t\t\t<p>Wenn Sie in Japan mit einem F\u00fchrerschein aus der Schweiz, Deutschland, Belgien, Frankreich, Monaco oder Taiwan fahren m\u00f6chten, m\u00fcssen Sie sich unbedingt eine offizielle \u00dcbersetzung von der Japan Automobile Federation (JAF) besorgen. Diese \u00dcbersetzung stellt sicher, dass Ihr F\u00fchrerschein in Japan g\u00fcltig und rechtlich anerkannt ist. Ohne ihn k\u00f6nnten Sie Schwierigkeiten bei der Anmietung eines Fahrzeugs haben, im Falle eines Unfalls nicht ausreichend versichert sein und mit m\u00f6glichen rechtlichen Komplikationen konfrontiert werden.<\/p>\n\t\t\t\t\t\t\t\t<\/div>\n\t\t\t\t<\/div>\n\t\t\t\t<\/div>\n\t\t<div class=\"elementor-element elementor-element-9a45d5c e-con-full e-flex e-con e-child\" data-id=\"9a45d5c\" data-element_type=\"container\" data-e-type=\"container\">\n\t\t\t\t<div class=\"elementor-element elementor-element-132a442 elementor-icon-list--layout-inline elementor-align-end elementor-list-item-link-full_width elementor-widget elementor-widget-icon-list\" data-id=\"132a442\" data-element_type=\"widget\" data-e-type=\"widget\" data-widget_type=\"icon-list.default\">\n\t\t\t\t<div class=\"elementor-widget-container\">\n\t\t\t\t\t\t\t<ul class=\"elementor-icon-list-items elementor-inline-items\">\n\t\t\t\t\t\t\t<li class=\"elementor-icon-list-item elementor-inline-item\">\n\t\t\t\t\t\t\t\t\t\t\t<a href=\"https:\/\/drivejapan.travel\/de\/\">\n\n\t\t\t\t\t\t\t\t\t\t\t<span class=\"elementor-icon-list-text\">Startseite<\/span>\n\t\t\t\t\t\t\t\t\t\t\t<\/a>\n\t\t\t\t\t\t\t\t\t<\/li>\n\t\t\t\t\t\t\t\t<li class=\"elementor-icon-list-item elementor-inline-item\">\n\t\t\t\t\t\t\t\t\t\t\t<span class=\"elementor-icon-list-icon\">\n\t\t\t\t\t\t\t<svg aria-hidden=\"true\" class=\"e-font-icon-svg e-fas-arrow-alt-circle-right\" viewBox=\"0 0 512 512\" xmlns=\"http:\/\/www.w3.org\/2000\/svg\"><path d=\"M256 8c137 0 248 111 248 248S393 504 256 504 8 393 8 256 119 8 256 8zM140 300h116v70.9c0 10.7 13 16.1 20.5 8.5l114.3-114.9c4.7-4.7 4.7-12.2 0-16.9l-114.3-115c-7.6-7.6-20.5-2.2-20.5 8.5V212H140c-6.6 0-12 5.4-12 12v64c0 6.6 5.4 12 12 12z\"><\/path><\/svg>\t\t\t\t\t\t<\/span>\n\t\t\t\t\t\t\t\t\t\t<span class=\"elementor-icon-list-text\"><\/span>\n\t\t\t\t\t\t\t\t\t<\/li>\n\t\t\t\t\t\t<\/ul>\n\t\t\t\t\t\t<\/div>\n\t\t\t\t<\/div>\n\t\t\t\t<\/div>\n\t\t\t\t<\/div>\n\t\t\t\t\t<\/div>\n\t\t\t\t<\/div>\n\t\t\t\t<\/div>\n\t\t<div class=\"elementor-element elementor-element-b6785e2 e-con-full e-flex e-con e-parent\" data-id=\"b6785e2\" data-element_type=\"container\" data-e-type=\"container\">\n\t\t<div class=\"elementor-element elementor-element-cc76642 e-flex e-con-boxed e-con e-child\" data-id=\"cc76642\" data-element_type=\"container\" data-e-type=\"container\" data-settings=\"{&quot;background_background&quot;:&quot;classic&quot;}\">\n\t\t\t\t\t<div class=\"e-con-inner\">\n\t\t<div class=\"elementor-element elementor-element-cd42756 e-flex e-con-boxed e-con e-child\" data-id=\"cd42756\" data-element_type=\"container\" data-e-type=\"container\" data-settings=\"{&quot;background_background&quot;:&quot;classic&quot;}\">\n\t\t\t\t\t<div class=\"e-con-inner\">\n\t\t<div class=\"elementor-element elementor-element-b6cdc91 e-flex e-con-boxed e-con e-child\" data-id=\"b6cdc91\" data-element_type=\"container\" data-e-type=\"container\">\n\t\t\t\t\t<div class=\"e-con-inner\">\n\t\t\t\t<div class=\"elementor-element elementor-element-771f993 elementor-widget elementor-widget-image\" data-id=\"771f993\" data-element_type=\"widget\" data-e-type=\"widget\" data-widget_type=\"image.default\">\n\t\t\t\t<div class=\"elementor-widget-container\">\n\t\t\t\t\t\t\t\t\t\t\t\t\t\t\t<img fetchpriority=\"high\" decoding=\"async\" width=\"800\" height=\"449\" src=\"https:\/\/drivejapan.travel\/wp-content\/uploads\/2024\/08\/beautiful-curvy-street-on-the-nikko-mountain-japan-aerial-view-1024x575.jpg\" class=\"attachment-large size-large wp-image-506\" alt=\"Beautiful curvy street on the Nikko mountain, Japan. Aerial view\" srcset=\"https:\/\/drivejapan.travel\/wp-content\/uploads\/2024\/08\/beautiful-curvy-street-on-the-nikko-mountain-japan-aerial-view-1024x575.jpg 1024w, https:\/\/drivejapan.travel\/wp-content\/uploads\/2024\/08\/beautiful-curvy-street-on-the-nikko-mountain-japan-aerial-view-600x337.jpg 600w, https:\/\/drivejapan.travel\/wp-content\/uploads\/2024\/08\/beautiful-curvy-street-on-the-nikko-mountain-japan-aerial-view-300x169.jpg 300w, https:\/\/drivejapan.travel\/wp-content\/uploads\/2024\/08\/beautiful-curvy-street-on-the-nikko-mountain-japan-aerial-view-768x432.jpg 768w, https:\/\/drivejapan.travel\/wp-content\/uploads\/2024\/08\/beautiful-curvy-street-on-the-nikko-mountain-japan-aerial-view-1536x863.jpg 1536w, https:\/\/drivejapan.travel\/wp-content\/uploads\/2024\/08\/beautiful-curvy-street-on-the-nikko-mountain-japan-aerial-view.jpg 2000w\" sizes=\"(max-width: 800px) 100vw, 800px\" \/>\t\t\t\t\t\t\t\t\t\t\t\t\t\t\t<\/div>\n\t\t\t\t<\/div>\n\t\t\t\t<div class=\"elementor-element elementor-element-c07789d elementor-widget elementor-widget-heading\" data-id=\"c07789d\" data-element_type=\"widget\" data-e-type=\"widget\" data-widget_type=\"heading.default\">\n\t\t\t\t<div class=\"elementor-widget-container\">\n\t\t\t\t\t<h2 class=\"elementor-heading-title elementor-size-default\">Tipps f\u00fcr eine reibungslose Fahrt in Japan  <\/h2>\t\t\t\t<\/div>\n\t\t\t\t<\/div>\n\t\t\t\t<div class=\"elementor-element elementor-element-1080309 elementor-widget__width-inherit elementor-widget elementor-widget-text-editor\" data-id=\"1080309\" data-element_type=\"widget\" data-e-type=\"widget\" data-widget_type=\"text-editor.default\">\n\t\t\t\t<div class=\"elementor-widget-container\">\n\t\t\t\t\t\t\t\t\t<p><strong>Geschwindigkeitsbegrenzungen:<\/strong><br \/>Die japanische Stra\u00dfenverkehrsordnung sieht klare Geschwindigkeitsbegrenzungen vor, wobei die H\u00f6chstgeschwindigkeit auf Autobahnen 120 km\/h betr\u00e4gt. Halten Sie sich immer an die vorgeschriebenen Geschwindigkeitsbegrenzungen, um eine sichere und legale Fahrt zu gew\u00e4hrleisten.<\/p>\n<p><strong>Halten Sie sich links:<\/strong><br \/>F\u00fcr ausl\u00e4ndische Fahrer ist es wichtig, sich an den Linksverkehr in Japan zu gew\u00f6hnen. Bleiben Sie auf der linken Stra\u00dfenseite und seien Sie besonders aufmerksam, wenn Sie abbiegen oder eine Kreuzung \u00fcberqueren.<\/p>\n<p><strong>Kein Alkohol oder Drogen:<\/strong><br \/>Japan hat strenge Null-Toleranz-Gesetze (0,0 Promille) bez\u00fcglich Alkohol- und Drogenkonsum w\u00e4hrend der Fahrt. Fahren Sie immer n\u00fcchtern und ohne Drogen.<\/p>\n<p><strong>Anschnallpflicht:<\/strong><br \/>Sicherheitsgurte sind f\u00fcr alle Fahrzeuginsassen vorgeschrieben. Vergewissern Sie sich, dass alle Personen sicher angeschnallt sind, bevor Sie losfahren.<\/p>\n<p><strong>Notdienste und Unfallmeldung:<\/strong><br \/>Bei einem Notfall oder Unfall w\u00e4hlen Sie 110 f\u00fcr polizeiliche Hilfe und 119 f\u00fcr medizinische Notf\u00e4lle. Bleiben Sie ruhig und melden Sie Vorf\u00e4lle umgehend den Beh\u00f6rden.<\/p>\n<p><strong>Verkehrsschilder und -signale:<\/strong><br \/>Lernen Sie, japanische Verkehrsschilder und -signale zu erkennen, denn sie verwenden verschiedene Formen, Farben und Symbole, um wichtige Informationen \u00fcber den Stra\u00dfenzustand, Warnungen und Vorschriften zu vermitteln.<\/p>\n<p><strong>Umweltzonen:<\/strong><br \/>Beachten Sie, dass bestimmte st\u00e4dtische Gebiete in Japan als Umweltzonen ausgewiesen sind. Diese Zonen k\u00f6nnen je nach den Emissionsnormen Ihres Fahrzeugs besondere Regeln und Einschr\u00e4nkungen haben.<\/p>\n<p>Drive Japan w\u00fcnscht Ihnen eine sichere und unvergessliche Reise.<\/p>\n\t\t\t\t\t\t\t\t<\/div>\n\t\t\t\t<\/div>\n\t\t<div class=\"elementor-element elementor-element-4fbe993 e-con-full e-flex e-con e-child\" data-id=\"4fbe993\" data-element_type=\"container\" data-e-type=\"container\">\n\t\t\t\t<div class=\"elementor-element elementor-element-d62998e elementor-align-right elementor-widget elementor-widget-button\" data-id=\"d62998e\" data-element_type=\"widget\" data-e-type=\"widget\" data-widget_type=\"button.default\">\n\t\t\t\t<div class=\"elementor-widget-container\">\n\t\t\t\t\t\t\t\t\t<div class=\"elementor-button-wrapper\">\n\t\t\t\t\t<a class=\"elementor-button elementor-button-link elementor-size-sm\" href=\"https:\/\/drivejapan.travel\/questions\/\">\n\t\t\t\t\t\t<span class=\"elementor-button-content-wrapper\">\n\t\t\t\t\t\t\t\t\t<span class=\"elementor-button-text\">Kontaktieren Sie uns hier<\/span>\n\t\t\t\t\t<\/span>\n\t\t\t\t\t<\/a>\n\t\t\t\t<\/div>\n\t\t\t\t\t\t\t\t<\/div>\n\t\t\t\t<\/div>\n\t\t\t\t<div class=\"elementor-element elementor-element-7819094 elementor-align-left elementor-widget elementor-widget-button\" data-id=\"7819094\" data-element_type=\"widget\" data-e-type=\"widget\" data-widget_type=\"button.default\">\n\t\t\t\t<div class=\"elementor-widget-container\">\n\t\t\t\t\t\t\t\t\t<div class=\"elementor-button-wrapper\">\n\t\t\t\t\t<a class=\"elementor-button elementor-button-link elementor-size-sm\" href=\"https:\/\/drivejapan.travel\/de\/bestellen-sie-ihre-uebersetzung\/\">\n\t\t\t\t\t\t<span class=\"elementor-button-content-wrapper\">\n\t\t\t\t\t\t\t\t\t<span class=\"elementor-button-text\">Bestellen Sie Ihre \u00dcbersetzung<\/span>\n\t\t\t\t\t<\/span>\n\t\t\t\t\t<\/a>\n\t\t\t\t<\/div>\n\t\t\t\t\t\t\t\t<\/div>\n\t\t\t\t<\/div>\n\t\t\t\t<\/div>\n\t\t\t\t\t<\/div>\n\t\t\t\t<\/div>\n\t\t\t\t\t<\/div>\n\t\t\t\t<\/div>\n\t\t\t\t\t<\/div>\n\t\t\t\t<\/div>\n\t\t\t\t<\/div>\n\t\t\t\t<\/div>\n\t\t","protected":false},"excerpt":{"rendered":"<p>Wenn Sie in Japan mit einem F\u00fchrerschein aus der Schweiz, Deutschland, Belgien, Frankreich, Monaco oder Taiwan fahren m\u00f6chten, m\u00fcssen Sie sich unbedingt eine offizielle \u00dcbersetzung von der Japan Automobile Federation (JAF) besorgen. Diese \u00dcbersetzung stellt sicher, dass Ihr F\u00fchrerschein in Japan g\u00fcltig und rechtlich anerkannt ist. Ohne ihn k\u00f6nnten Sie Schwierigkeiten bei der Anmietung eines [&hellip;]<\/p>\n","protected":false},"author":1,"featured_media":0,"parent":0,"menu_order":0,"comment_status":"closed","ping_status":"closed","template":"","meta":{"_glsr_average":0,"_glsr_ranking":0,"_glsr_reviews":0,"footnotes":""},"class_list":["post-1618","page","type-page","status-publish","hentry"],"yoast_head":"<!-- This site is optimized with the Yoast SEO plugin v23.5 - https:\/\/yoast.com\/wordpress\/plugins\/seo\/ -->\n<title>Wie man in Japan f\u00e4hrt - Drive Japan<\/title>\n<meta name=\"robots\" content=\"index, follow, max-snippet:-1, max-image-preview:large, max-video-preview:-1\" \/>\n<link rel=\"canonical\" href=\"https:\/\/drivejapan.travel\/de\/wie-man-in-japan-faehrt\/\" \/>\n<meta property=\"og:locale\" content=\"de_DE\" \/>\n<meta property=\"og:type\" content=\"article\" \/>\n<meta property=\"og:title\" content=\"Wie man in Japan f\u00e4hrt - Drive Japan\" \/>\n<meta property=\"og:description\" content=\"Wenn Sie in Japan mit einem F\u00fchrerschein aus der Schweiz, Deutschland, Belgien, Frankreich, Monaco oder Taiwan fahren m\u00f6chten, m\u00fcssen Sie sich unbedingt eine offizielle \u00dcbersetzung von der Japan Automobile Federation (JAF) besorgen. Diese \u00dcbersetzung stellt sicher, dass Ihr F\u00fchrerschein in Japan g\u00fcltig und rechtlich anerkannt ist. Ohne ihn k\u00f6nnten Sie Schwierigkeiten bei der Anmietung eines [&hellip;]\" \/>\n<meta property=\"og:url\" content=\"https:\/\/drivejapan.travel\/de\/wie-man-in-japan-faehrt\/\" \/>\n<meta property=\"og:site_name\" content=\"Drive Japan\" \/>\n<meta property=\"article:modified_time\" content=\"2024-08-14T07:39:41+00:00\" \/>\n<meta property=\"og:image\" content=\"https:\/\/drivejapan.travel\/wp-content\/uploads\/2024\/08\/sign-accent-1.png\" \/>\n<meta name=\"twitter:card\" content=\"summary_large_image\" \/>\n<meta name=\"twitter:label1\" content=\"Gesch\u00e4tzte Lesezeit\" \/>\n\t<meta name=\"twitter:data1\" content=\"2\u00a0Minuten\" \/>\n<script type=\"application\/ld+json\" class=\"yoast-schema-graph\">{\"@context\":\"https:\/\/schema.org\",\"@graph\":[{\"@type\":\"WebPage\",\"@id\":\"https:\/\/drivejapan.travel\/de\/wie-man-in-japan-faehrt\/\",\"url\":\"https:\/\/drivejapan.travel\/de\/wie-man-in-japan-faehrt\/\",\"name\":\"Wie man in Japan f\u00e4hrt - Drive Japan\",\"isPartOf\":{\"@id\":\"https:\/\/drivejapan.travel\/#website\"},\"primaryImageOfPage\":{\"@id\":\"https:\/\/drivejapan.travel\/de\/wie-man-in-japan-faehrt\/#primaryimage\"},\"image\":{\"@id\":\"https:\/\/drivejapan.travel\/de\/wie-man-in-japan-faehrt\/#primaryimage\"},\"thumbnailUrl\":\"https:\/\/drivejapan.travel\/wp-content\/uploads\/2024\/08\/sign-accent-1.png\",\"datePublished\":\"2024-08-03T22:44:20+00:00\",\"dateModified\":\"2024-08-14T07:39:41+00:00\",\"breadcrumb\":{\"@id\":\"https:\/\/drivejapan.travel\/de\/wie-man-in-japan-faehrt\/#breadcrumb\"},\"inLanguage\":\"de\",\"potentialAction\":[{\"@type\":\"ReadAction\",\"target\":[\"https:\/\/drivejapan.travel\/de\/wie-man-in-japan-faehrt\/\"]}]},{\"@type\":\"ImageObject\",\"inLanguage\":\"de\",\"@id\":\"https:\/\/drivejapan.travel\/de\/wie-man-in-japan-faehrt\/#primaryimage\",\"url\":\"https:\/\/drivejapan.travel\/wp-content\/uploads\/2024\/08\/sign-accent-1.png\",\"contentUrl\":\"https:\/\/drivejapan.travel\/wp-content\/uploads\/2024\/08\/sign-accent-1.png\"},{\"@type\":\"BreadcrumbList\",\"@id\":\"https:\/\/drivejapan.travel\/de\/wie-man-in-japan-faehrt\/#breadcrumb\",\"itemListElement\":[{\"@type\":\"ListItem\",\"position\":1,\"name\":\"Home\",\"item\":\"https:\/\/drivejapan.travel\/de\/startseite\/\"},{\"@type\":\"ListItem\",\"position\":2,\"name\":\"Wie man in Japan f\u00e4hrt\"}]},{\"@type\":\"WebSite\",\"@id\":\"https:\/\/drivejapan.travel\/#website\",\"url\":\"https:\/\/drivejapan.travel\/\",\"name\":\"Drive Japan\",\"description\":\"Official Japanese Driver\u2019s License Translations\",\"publisher\":{\"@id\":\"https:\/\/drivejapan.travel\/#organization\"},\"potentialAction\":[{\"@type\":\"SearchAction\",\"target\":{\"@type\":\"EntryPoint\",\"urlTemplate\":\"https:\/\/drivejapan.travel\/?s={search_term_string}\"},\"query-input\":{\"@type\":\"PropertyValueSpecification\",\"valueRequired\":true,\"valueName\":\"search_term_string\"}}],\"inLanguage\":\"de\"},{\"@type\":\"Organization\",\"@id\":\"https:\/\/drivejapan.travel\/#organization\",\"name\":\"Drive Japan\",\"url\":\"https:\/\/drivejapan.travel\/\",\"logo\":{\"@type\":\"ImageObject\",\"inLanguage\":\"de\",\"@id\":\"https:\/\/drivejapan.travel\/#\/schema\/logo\/image\/\",\"url\":\"https:\/\/drivejapan.travel\/wp-content\/uploads\/2024\/08\/Asset-2.png\",\"contentUrl\":\"https:\/\/drivejapan.travel\/wp-content\/uploads\/2024\/08\/Asset-2.png\",\"width\":275,\"height\":199,\"caption\":\"Drive Japan\"},\"image\":{\"@id\":\"https:\/\/drivejapan.travel\/#\/schema\/logo\/image\/\"}}]}<\/script>\n<!-- \/ Yoast SEO plugin. -->","yoast_head_json":{"title":"Wie man in Japan f\u00e4hrt - Drive Japan","robots":{"index":"index","follow":"follow","max-snippet":"max-snippet:-1","max-image-preview":"max-image-preview:large","max-video-preview":"max-video-preview:-1"},"canonical":"https:\/\/drivejapan.travel\/de\/wie-man-in-japan-faehrt\/","og_locale":"de_DE","og_type":"article","og_title":"Wie man in Japan f\u00e4hrt - Drive Japan","og_description":"Wenn Sie in Japan mit einem F\u00fchrerschein aus der Schweiz, Deutschland, Belgien, Frankreich, Monaco oder Taiwan fahren m\u00f6chten, m\u00fcssen Sie sich unbedingt eine offizielle \u00dcbersetzung von der Japan Automobile Federation (JAF) besorgen. Diese \u00dcbersetzung stellt sicher, dass Ihr F\u00fchrerschein in Japan g\u00fcltig und rechtlich anerkannt ist. Ohne ihn k\u00f6nnten Sie Schwierigkeiten bei der Anmietung eines [&hellip;]","og_url":"https:\/\/drivejapan.travel\/de\/wie-man-in-japan-faehrt\/","og_site_name":"Drive Japan","article_modified_time":"2024-08-14T07:39:41+00:00","og_image":[{"url":"https:\/\/drivejapan.travel\/wp-content\/uploads\/2024\/08\/sign-accent-1.png"}],"twitter_card":"summary_large_image","twitter_misc":{"Gesch\u00e4tzte Lesezeit":"2\u00a0Minuten"},"schema":{"@context":"https:\/\/schema.org","@graph":[{"@type":"WebPage","@id":"https:\/\/drivejapan.travel\/de\/wie-man-in-japan-faehrt\/","url":"https:\/\/drivejapan.travel\/de\/wie-man-in-japan-faehrt\/","name":"Wie man in Japan f\u00e4hrt - Drive Japan","isPartOf":{"@id":"https:\/\/drivejapan.travel\/#website"},"primaryImageOfPage":{"@id":"https:\/\/drivejapan.travel\/de\/wie-man-in-japan-faehrt\/#primaryimage"},"image":{"@id":"https:\/\/drivejapan.travel\/de\/wie-man-in-japan-faehrt\/#primaryimage"},"thumbnailUrl":"https:\/\/drivejapan.travel\/wp-content\/uploads\/2024\/08\/sign-accent-1.png","datePublished":"2024-08-03T22:44:20+00:00","dateModified":"2024-08-14T07:39:41+00:00","breadcrumb":{"@id":"https:\/\/drivejapan.travel\/de\/wie-man-in-japan-faehrt\/#breadcrumb"},"inLanguage":"de","potentialAction":[{"@type":"ReadAction","target":["https:\/\/drivejapan.travel\/de\/wie-man-in-japan-faehrt\/"]}]},{"@type":"ImageObject","inLanguage":"de","@id":"https:\/\/drivejapan.travel\/de\/wie-man-in-japan-faehrt\/#primaryimage","url":"https:\/\/drivejapan.travel\/wp-content\/uploads\/2024\/08\/sign-accent-1.png","contentUrl":"https:\/\/drivejapan.travel\/wp-content\/uploads\/2024\/08\/sign-accent-1.png"},{"@type":"BreadcrumbList","@id":"https:\/\/drivejapan.travel\/de\/wie-man-in-japan-faehrt\/#breadcrumb","itemListElement":[{"@type":"ListItem","position":1,"name":"Home","item":"https:\/\/drivejapan.travel\/de\/startseite\/"},{"@type":"ListItem","position":2,"name":"Wie man in Japan f\u00e4hrt"}]},{"@type":"WebSite","@id":"https:\/\/drivejapan.travel\/#website","url":"https:\/\/drivejapan.travel\/","name":"Drive Japan","description":"Official Japanese Driver\u2019s License Translations","publisher":{"@id":"https:\/\/drivejapan.travel\/#organization"},"potentialAction":[{"@type":"SearchAction","target":{"@type":"EntryPoint","urlTemplate":"https:\/\/drivejapan.travel\/?s={search_term_string}"},"query-input":{"@type":"PropertyValueSpecification","valueRequired":true,"valueName":"search_term_string"}}],"inLanguage":"de"},{"@type":"Organization","@id":"https:\/\/drivejapan.travel\/#organization","name":"Drive Japan","url":"https:\/\/drivejapan.travel\/","logo":{"@type":"ImageObject","inLanguage":"de","@id":"https:\/\/drivejapan.travel\/#\/schema\/logo\/image\/","url":"https:\/\/drivejapan.travel\/wp-content\/uploads\/2024\/08\/Asset-2.png","contentUrl":"https:\/\/drivejapan.travel\/wp-content\/uploads\/2024\/08\/Asset-2.png","width":275,"height":199,"caption":"Drive Japan"},"image":{"@id":"https:\/\/drivejapan.travel\/#\/schema\/logo\/image\/"}}]}},"_links":{"self":[{"href":"https:\/\/drivejapan.travel\/de\/wp-json\/wp\/v2\/pages\/1618"}],"collection":[{"href":"https:\/\/drivejapan.travel\/de\/wp-json\/wp\/v2\/pages"}],"about":[{"href":"https:\/\/drivejapan.travel\/de\/wp-json\/wp\/v2\/types\/page"}],"author":[{"embeddable":true,"href":"https:\/\/drivejapan.travel\/de\/wp-json\/wp\/v2\/users\/1"}],"replies":[{"embeddable":true,"href":"https:\/\/drivejapan.travel\/de\/wp-json\/wp\/v2\/comments?post=1618"}],"version-history":[{"count":1,"href":"https:\/\/drivejapan.travel\/de\/wp-json\/wp\/v2\/pages\/1618\/revisions"}],"predecessor-version":[{"id":1621,"href":"https:\/\/drivejapan.travel\/de\/wp-json\/wp\/v2\/pages\/1618\/revisions\/1621"}],"wp:attachment":[{"href":"https:\/\/drivejapan.travel\/de\/wp-json\/wp\/v2\/media?parent=1618"}],"curies":[{"name":"wp","href":"https:\/\/api.w.org\/{rel}","templated":true}]}}