{"id":1558,"date":"2024-07-26T17:42:13","date_gmt":"2024-07-26T17:42:13","guid":{"rendered":"https:\/\/drivejapan.travel\/datenschutzbestimmungen\/"},"modified":"2024-08-14T07:03:22","modified_gmt":"2024-08-14T07:03:22","slug":"datenschutzbestimmungen","status":"publish","type":"page","link":"https:\/\/drivejapan.travel\/de\/datenschutzbestimmungen\/","title":{"rendered":"Datenschutzbestimmungen"},"content":{"rendered":"\t\t<div data-elementor-type=\"wp-page\" data-elementor-id=\"1558\" class=\"elementor elementor-1558\" data-elementor-post-type=\"page\">\n\t\t\t\t<div class=\"elementor-element elementor-element-e472bc8 e-con-full e-flex e-con e-parent\" data-id=\"e472bc8\" data-element_type=\"container\" data-e-type=\"container\">\n\t\t<div class=\"elementor-element elementor-element-f5f2d70 e-flex e-con-boxed e-con e-child\" data-id=\"f5f2d70\" data-element_type=\"container\" data-e-type=\"container\" data-settings=\"{&quot;background_background&quot;:&quot;classic&quot;}\">\n\t\t\t\t\t<div class=\"e-con-inner\">\n\t\t<div class=\"elementor-element elementor-element-6527f8e e-con-full e-flex e-con e-child\" data-id=\"6527f8e\" data-element_type=\"container\" data-e-type=\"container\">\n\t\t<div class=\"elementor-element elementor-element-9e42a81 e-con-full e-flex e-con e-child\" data-id=\"9e42a81\" data-element_type=\"container\" data-e-type=\"container\">\n\t\t<div class=\"elementor-element elementor-element-ec62f42 e-con-full e-flex e-con e-child\" data-id=\"ec62f42\" data-element_type=\"container\" data-e-type=\"container\">\n\t\t\t\t<div class=\"elementor-element elementor-element-d9bc2b5 elementor-widget__width-auto elementor-widget elementor-widget-image\" data-id=\"d9bc2b5\" data-element_type=\"widget\" data-e-type=\"widget\" data-widget_type=\"image.default\">\n\t\t\t\t<div class=\"elementor-widget-container\">\n\t\t\t\t\t\t\t\t\t\t\t\t\t\t\t<img decoding=\"async\" width=\"200\" height=\"200\" src=\"https:\/\/drivejapan.travel\/wp-content\/uploads\/2024\/08\/sign-accent-1.png\" class=\"attachment-large size-large wp-image-556\" alt=\"\" srcset=\"https:\/\/drivejapan.travel\/wp-content\/uploads\/2024\/08\/sign-accent-1.png 200w, https:\/\/drivejapan.travel\/wp-content\/uploads\/2024\/08\/sign-accent-1-100x100.png 100w, https:\/\/drivejapan.travel\/wp-content\/uploads\/2024\/08\/sign-accent-1-150x150.png 150w\" sizes=\"(max-width: 200px) 100vw, 200px\" \/>\t\t\t\t\t\t\t\t\t\t\t\t\t\t\t<\/div>\n\t\t\t\t<\/div>\n\t\t\t\t<\/div>\n\t\t\t\t<div class=\"elementor-element elementor-element-2451005 elementor-widget elementor-widget-text-editor\" data-id=\"2451005\" data-element_type=\"widget\" data-e-type=\"widget\" data-widget_type=\"text-editor.default\">\n\t\t\t\t<div class=\"elementor-widget-container\">\n\t\t\t\t\t\t\t\t\t<p><strong>[Datum des Inkrafttretens:<\/strong> 15.08.2024]<\/p>\n\t\t\t\t\t\t\t\t<\/div>\n\t\t\t\t<\/div>\n\t\t\t\t<\/div>\n\t\t<div class=\"elementor-element elementor-element-00576e1 e-con-full e-flex e-con e-child\" data-id=\"00576e1\" data-element_type=\"container\" data-e-type=\"container\">\n\t\t\t\t<div class=\"elementor-element elementor-element-878e94a elementor-icon-list--layout-inline elementor-align-end elementor-list-item-link-full_width elementor-widget elementor-widget-icon-list\" data-id=\"878e94a\" data-element_type=\"widget\" data-e-type=\"widget\" data-widget_type=\"icon-list.default\">\n\t\t\t\t<div class=\"elementor-widget-container\">\n\t\t\t\t\t\t\t<ul class=\"elementor-icon-list-items elementor-inline-items\">\n\t\t\t\t\t\t\t<li class=\"elementor-icon-list-item elementor-inline-item\">\n\t\t\t\t\t\t\t\t\t\t\t<a href=\"https:\/\/drivejapan.travel\/de\/\">\n\n\t\t\t\t\t\t\t\t\t\t\t<span class=\"elementor-icon-list-text\">Startseite<\/span>\n\t\t\t\t\t\t\t\t\t\t\t<\/a>\n\t\t\t\t\t\t\t\t\t<\/li>\n\t\t\t\t\t\t\t\t<li class=\"elementor-icon-list-item elementor-inline-item\">\n\t\t\t\t\t\t\t\t\t\t\t<span class=\"elementor-icon-list-icon\">\n\t\t\t\t\t\t\t<svg aria-hidden=\"true\" class=\"e-font-icon-svg e-fas-arrow-alt-circle-right\" viewBox=\"0 0 512 512\" xmlns=\"http:\/\/www.w3.org\/2000\/svg\"><path d=\"M256 8c137 0 248 111 248 248S393 504 256 504 8 393 8 256 119 8 256 8zM140 300h116v70.9c0 10.7 13 16.1 20.5 8.5l114.3-114.9c4.7-4.7 4.7-12.2 0-16.9l-114.3-115c-7.6-7.6-20.5-2.2-20.5 8.5V212H140c-6.6 0-12 5.4-12 12v64c0 6.6 5.4 12 12 12z\"><\/path><\/svg>\t\t\t\t\t\t<\/span>\n\t\t\t\t\t\t\t\t\t\t<span class=\"elementor-icon-list-text\"><\/span>\n\t\t\t\t\t\t\t\t\t<\/li>\n\t\t\t\t\t\t<\/ul>\n\t\t\t\t\t\t<\/div>\n\t\t\t\t<\/div>\n\t\t\t\t<\/div>\n\t\t\t\t<\/div>\n\t\t\t\t\t<\/div>\n\t\t\t\t<\/div>\n\t\t\t\t<\/div>\n\t\t<div class=\"elementor-element elementor-element-d9e9aa3 e-con-full e-flex e-con e-parent\" data-id=\"d9e9aa3\" data-element_type=\"container\" data-e-type=\"container\">\n\t\t<div class=\"elementor-element elementor-element-09d200d e-flex e-con-boxed e-con e-child\" data-id=\"09d200d\" data-element_type=\"container\" data-e-type=\"container\" data-settings=\"{&quot;background_background&quot;:&quot;classic&quot;}\">\n\t\t\t\t\t<div class=\"e-con-inner\">\n\t\t<div class=\"elementor-element elementor-element-7b8b335 e-flex e-con-boxed e-con e-child\" data-id=\"7b8b335\" data-element_type=\"container\" data-e-type=\"container\" data-settings=\"{&quot;background_background&quot;:&quot;classic&quot;}\">\n\t\t\t\t\t<div class=\"e-con-inner\">\n\t\t<div class=\"elementor-element elementor-element-f884fd1 e-flex e-con-boxed e-con e-child\" data-id=\"f884fd1\" data-element_type=\"container\" data-e-type=\"container\">\n\t\t\t\t\t<div class=\"e-con-inner\">\n\t\t\t\t<div class=\"elementor-element elementor-element-c899289 elementor-widget elementor-widget-text-editor\" data-id=\"c899289\" data-element_type=\"widget\" data-e-type=\"widget\" data-widget_type=\"text-editor.default\">\n\t\t\t\t<div class=\"elementor-widget-container\">\n\t\t\t\t\t\t\t\t\t<p>Nachfolgend finden Sie die von Drive Japan festgelegten Datenschutzbestimmungen.<\/p>\n<p>Diese Datenschutzerkl\u00e4rung beschreibt die Art, den Umfang und den Zweck der Verarbeitung personenbezogener Daten (&#8220;Daten&#8221;) innerhalb unserer Online-Dienste, einschlie\u00dflich unserer Website, ihrer Funktionen und Inhalte sowie aller externen Online-Pr\u00e4senzen, wie z.B. unserer Social-Media-Profile (zusammenfassend als &#8220;Online-Dienste&#8221; bezeichnet). F\u00fcr Begriffe wie &#8220;Verarbeitung&#8221; oder &#8220;Verantwortlicher&#8221; verweisen wir auf die Definitionen in Artikel 4 der Allgemeinen Datenschutzverordnung (GDPR).<\/p>\n<p><strong>Controller<\/strong><br>Antrieb Japan, Deutschland<\/p>\n<p><strong>Arten von verarbeiteten Daten:<\/strong><\/p>\n<ul>\n<li>Kontaktdaten (z.B. Name, E-Mail, Telefonnummern)<\/li>\n<li>Inhaltsdaten (z.B. Texteingaben, Fotos, Videos)<\/li>\n<li>Nutzungsdaten (z.B. besuchte Websites, Inhaltsinteressen, Zugriffszeiten)<\/li>\n<li>Meta-\/Kommunikationsdaten (z.B. Ger\u00e4teinformationen, IP-Adressen)<\/li>\n<\/ul>\n<p><strong> <\/strong><\/p>\n<p><strong>Zweck der Verarbeitung:<\/strong><\/p>\n<ul>\n<li>Bereitstellung der Online-Dienste, ihrer Funktionen und Inhalte<\/li>\n<li>Beantwortung von Kontaktanfragen und Kommunikation mit Benutzern<\/li>\n<li>Implementierung von Sicherheitsma\u00dfnahmen<\/li>\n<li>Durchf\u00fchren von Reichweitenmessungen\/Marketingaktivit\u00e4ten<\/li>\n<\/ul>\n<p><strong> <\/strong><\/p>\n<p><b>Einschl\u00e4gige Rechtsgrundlagen:  <\/b><span style=\"background-color: var( --e-global-color-7cd00c7 ); color: var( --e-global-color-text ); font-family: var( --e-global-typography-text-font-family ), Sans-serif; font-size: var( --e-global-typography-text-font-size ); font-style: var( --e-global-typography-text-font-style ); font-weight: var( --e-global-typography-text-font-weight ); text-align: var(--text-align);\">Gem\u00e4\u00df Artikel 13 GDPR informieren wir Sie \u00fcber die Rechtsgrundlagen f\u00fcr unsere Datenverarbeitungsaktivit\u00e4ten. F\u00fcr Nutzer innerhalb des Geltungsbereichs der DSGVO (d.h. in der EU und im Europ\u00e4ischen Wirtschaftsraum, EWR) gilt Folgendes, wenn die Rechtsgrundlage nicht in der Datenschutzrichtlinie genannt wird:<\/span><\/p>\n<ul>\n<li>Die Rechtsgrundlage f\u00fcr die Einholung der Einwilligung ist Art. 6(1)(a) und Art. 7 GDPR.<\/li>\n<li>Die Rechtsgrundlage f\u00fcr die Verarbeitung im Zusammenhang mit der Erbringung unserer Dienstleistungen, der Durchf\u00fchrung von vertraglichen Ma\u00dfnahmen und der Beantwortung von Anfragen ist Art. 6(1)(b) GDPR.<\/li>\n<li>Die Rechtsgrundlage f\u00fcr die Verarbeitung, die zur Erf\u00fcllung unserer rechtlichen Verpflichtungen erforderlich ist, ist Art. 6(1)(c) GDPR.<\/li>\n<li>Die Rechtsgrundlage f\u00fcr die zur Wahrung unserer berechtigten Interessen erforderliche Verarbeitung ist Art. 6(1)(f) GDPR.<\/li>\n<\/ul>\n<div><strong style=\"font-family: var( --e-global-typography-text-font-family ), Sans-serif; font-size: var( --e-global-typography-text-font-size ); font-style: var( --e-global-typography-text-font-style ); text-align: var(--text-align); background-color: var( --e-global-color-7cd00c7 ); color: var( --e-global-color-text );\"> <\/strong><\/div>\n<div><strong style=\"font-family: var( --e-global-typography-text-font-family ), Sans-serif; font-size: var( --e-global-typography-text-font-size ); font-style: var( --e-global-typography-text-font-style ); text-align: var(--text-align); background-color: var( --e-global-color-7cd00c7 ); color: var( --e-global-color-text );\">Sicherheitsma\u00dfnahmen:<\/strong><\/div>\n<p>In \u00dcbereinstimmung mit Art. 32 DSGVO setzen wir geeignete technische und organisatorische Ma\u00dfnahmen ein, um ein dem Risiko angemessenes Schutzniveau zu gew\u00e4hrleisten, wobei wir den Stand der Technik, die Implementierungskosten und die Art, den Umfang, den Kontext und die Zwecke der Verarbeitung sowie die unterschiedliche Wahrscheinlichkeit und Schwere von Risiken f\u00fcr die Rechte und Freiheiten nat\u00fcrlicher Personen ber\u00fccksichtigen.<\/p>\n<p>Wir treffen Vorkehrungen, um Ihre Daten sowohl online als auch offline zu sch\u00fctzen. Wenn sensible Daten \u00fcber die Website \u00fcbermittelt werden (mit Ausnahme von Kreditkartendaten, die direkt von PayPal verarbeitet werden und auf die wir niemals Zugriff haben), werden sie verschl\u00fcsselt und sicher \u00fcbertragen. Sie k\u00f6nnen dies \u00fcberpr\u00fcfen, indem Sie auf ein geschlossenes Schlosssymbol in Ihrem Webbrowser oder auf &#8220;https&#8221; in der Adresse der Website achten. Au\u00dferdem sch\u00fctzen wir Ihre Daten offline; nur Mitarbeiter, die die Daten f\u00fcr bestimmte Aufgaben ben\u00f6tigen (z.B. Rechnungsstellung oder Kundendienst), haben Zugang zu personenbezogenen Daten. Die Server, auf denen diese Informationen gespeichert sind, befinden sich in einer sicheren Umgebung.<\/p>\n<p><strong>Zusammenarbeit mit Verarbeitern und Dritten:<\/strong><\/p>\n<p>Wenn wir im Rahmen unserer Verarbeitungst\u00e4tigkeit anderen Personen oder Unternehmen (Auftragsverarbeitern oder Dritten) Daten offenbaren, \u00fcbermitteln oder sonst Zugriff gew\u00e4hren, geschieht dies nur auf der Grundlage einer gesetzlichen Erlaubnis (z.B. wenn die \u00dcbermittlung von Daten an Dritte, wie Zahlungsdienstleister, zur Vertragserf\u00fcllung erforderlich ist), mit Ihrer Einwilligung, aufgrund einer gesetzlichen Verpflichtung oder auf der Grundlage unserer berechtigten Interessen (z.B. beim Einsatz von Vermittlern, Webhostern usw.).<\/p>\n<p><strong>\u00dcberweisungen in Drittl\u00e4nder:<\/strong><\/p>\n<p>Wenn wir Daten in einem Drittland (d.h. au\u00dferhalb der Europ\u00e4ischen Union oder des Europ\u00e4ischen Wirtschaftsraums) verarbeiten oder wenn dies im Zusammenhang mit der Nutzung von Diensten Dritter, der Offenlegung oder der \u00dcbermittlung von Daten an Dritte geschieht, geschieht dies nur, wenn dies zur Erf\u00fcllung unserer (vor-)vertraglichen Verpflichtungen, mit Ihrer Einwilligung, aufgrund einer gesetzlichen Verpflichtung oder auf der Grundlage unserer berechtigten Interessen erforderlich ist. Vorbehaltlich gesetzlicher oder vertraglicher Erlaubnisse verarbeiten wir die Daten nur dann in einem Drittland oder lassen sie dort verarbeiten, wenn die Voraussetzungen der Art. 44 ff. GDPR erf\u00fcllt sind. Das bedeutet, dass die Verarbeitung z.B. auf besonderen Garantien beruht, wie der offiziell anerkannten Einsch\u00e4tzung eines der EU gleichwertigen Datenschutzniveaus (z.B. durch das Privacy Shield f\u00fcr die USA) oder der Einhaltung offiziell anerkannter besonderer vertraglicher Verpflichtungen (sog. &#8220;Standardvertragsklauseln&#8221;).<\/p>\n<p><strong>Rechte der betroffenen Personen:<\/strong><\/p>\n<p>Sie haben das Recht zu best\u00e4tigen, ob Sie betreffende personenbezogene Daten verarbeitet werden oder nicht, und gegebenenfalls Zugang zu Ihren personenbezogenen Daten und den in Artikel 15 GDPR genannten Informationen zu erhalten. 15 GDPR.<\/p>\n<p>Sie haben das Recht, in \u00dcbereinstimmung mit Art. 16 GDPR das Recht, die Vervollst\u00e4ndigung unvollst\u00e4ndiger personenbezogener Daten oder die Berichtigung unrichtiger personenbezogener Daten \u00fcber Sie zu verlangen.<\/p>\n<p>In \u00dcbereinstimmung mit Art. 17 GDPR haben Sie das Recht, die unverz\u00fcgliche L\u00f6schung Ihrer personenbezogenen Daten zu verlangen oder alternativ eine Einschr\u00e4nkung der Verarbeitung gem\u00e4\u00df Art. 18 GDPR.<\/p>\n<p><strong>Cookies:<\/strong><\/p>\n<p>Cookies sind Textdateien, die auf Ihrem Computer abgelegt werden, um Standard-Internetprotokollinformationen und Daten zum Besucherverhalten zu sammeln. Diese Informationen werden verwendet, um die Nutzung der Website zu verfolgen und statistische Berichte \u00fcber die Website-Aktivit\u00e4ten zu erstellen. Die Verwendung von Cookies ist nicht mit pers\u00f6nlich identifizierbaren Informationen auf unserer Website verbunden. Wir verwenden zwei Arten von Cookies: Analyse-Cookies und Website-Cookies. Website-Cookies sind f\u00fcr die Bearbeitung Ihrer Bestellung und die Nutzung der Website unerl\u00e4sslich.<\/p>\n<p><strong>Andere Websites:<\/strong><\/p>\n<p>Wir verwenden ein Unternehmen f\u00fcr die Zahlungsabwicklung, um Nutzern Waren und Dienstleistungen in Rechnung zu stellen, und ein Unternehmen f\u00fcr E-Mail-Benachrichtigungen, um Bestellbenachrichtigungen zu versenden. Diese Unternehmen behalten, teilen, speichern oder verwenden personenbezogene Daten nicht f\u00fcr sekund\u00e4re Zwecke, die \u00fcber die Erf\u00fcllung Ihrer Bestellung hinausgehen, und sie sind GDPR-konform, soweit dies gesetzlich vorgeschrieben ist.<\/p>\n<p>Wenn Sie der Meinung sind, dass wir uns nicht an diese Datenschutzrichtlinie halten, kontaktieren Sie uns bitte umgehend per Formular, WhatsApp oder Messenger (siehe FAQ).<\/p>\t\t\t\t\t\t\t\t<\/div>\n\t\t\t\t<\/div>\n\t\t\t\t\t<\/div>\n\t\t\t\t<\/div>\n\t\t\t\t\t<\/div>\n\t\t\t\t<\/div>\n\t\t\t\t\t<\/div>\n\t\t\t\t<\/div>\n\t\t\t\t<\/div>\n\t\t\t\t<\/div>\n\t\t","protected":false},"excerpt":{"rendered":"<p>[Datum des Inkrafttretens: 15.08.2024] Startseite Nachfolgend finden Sie die von Drive Japan festgelegten Datenschutzbestimmungen. Diese Datenschutzerkl\u00e4rung beschreibt die Art, den Umfang und den Zweck der Verarbeitung personenbezogener Daten (&#8220;Daten&#8221;) innerhalb unserer Online-Dienste, einschlie\u00dflich unserer Website, ihrer Funktionen und Inhalte sowie aller externen Online-Pr\u00e4senzen, wie z.B. unserer Social-Media-Profile (zusammenfassend als &#8220;Online-Dienste&#8221; bezeichnet). F\u00fcr Begriffe wie &#8220;Verarbeitung&#8221; [&hellip;]<\/p>\n","protected":false},"author":1,"featured_media":0,"parent":0,"menu_order":0,"comment_status":"closed","ping_status":"closed","template":"","meta":{"_glsr_average":0,"_glsr_ranking":0,"_glsr_reviews":0,"footnotes":""},"class_list":["post-1558","page","type-page","status-publish","hentry"],"yoast_head":"<!-- This site is optimized with the Yoast SEO plugin v23.5 - https:\/\/yoast.com\/wordpress\/plugins\/seo\/ -->\n<title>Datenschutzbestimmungen - Drive Japan<\/title>\n<meta name=\"robots\" content=\"index, follow, max-snippet:-1, max-image-preview:large, max-video-preview:-1\" \/>\n<link rel=\"canonical\" href=\"https:\/\/drivejapan.travel\/de\/datenschutzbestimmungen\/\" \/>\n<meta property=\"og:locale\" content=\"de_DE\" \/>\n<meta property=\"og:type\" content=\"article\" \/>\n<meta property=\"og:title\" content=\"Datenschutzbestimmungen - Drive Japan\" \/>\n<meta property=\"og:description\" content=\"[Datum des Inkrafttretens: 15.08.2024] Startseite Nachfolgend finden Sie die von Drive Japan festgelegten Datenschutzbestimmungen. Diese Datenschutzerkl\u00e4rung beschreibt die Art, den Umfang und den Zweck der Verarbeitung personenbezogener Daten (&#8220;Daten&#8221;) innerhalb unserer Online-Dienste, einschlie\u00dflich unserer Website, ihrer Funktionen und Inhalte sowie aller externen Online-Pr\u00e4senzen, wie z.B. unserer Social-Media-Profile (zusammenfassend als &#8220;Online-Dienste&#8221; bezeichnet). F\u00fcr Begriffe wie &#8220;Verarbeitung&#8221; [&hellip;]\" \/>\n<meta property=\"og:url\" content=\"https:\/\/drivejapan.travel\/de\/datenschutzbestimmungen\/\" \/>\n<meta property=\"og:site_name\" content=\"Drive Japan\" \/>\n<meta property=\"article:modified_time\" content=\"2024-08-14T07:03:22+00:00\" \/>\n<meta property=\"og:image\" content=\"https:\/\/drivejapan.travel\/wp-content\/uploads\/2024\/08\/sign-accent-1.png\" \/>\n<meta name=\"twitter:card\" content=\"summary_large_image\" \/>\n<meta name=\"twitter:label1\" content=\"Gesch\u00e4tzte Lesezeit\" \/>\n\t<meta name=\"twitter:data1\" content=\"5\u00a0Minuten\" \/>\n<script type=\"application\/ld+json\" class=\"yoast-schema-graph\">{\"@context\":\"https:\/\/schema.org\",\"@graph\":[{\"@type\":\"WebPage\",\"@id\":\"https:\/\/drivejapan.travel\/de\/datenschutzbestimmungen\/\",\"url\":\"https:\/\/drivejapan.travel\/de\/datenschutzbestimmungen\/\",\"name\":\"Datenschutzbestimmungen - Drive Japan\",\"isPartOf\":{\"@id\":\"https:\/\/drivejapan.travel\/#website\"},\"primaryImageOfPage\":{\"@id\":\"https:\/\/drivejapan.travel\/de\/datenschutzbestimmungen\/#primaryimage\"},\"image\":{\"@id\":\"https:\/\/drivejapan.travel\/de\/datenschutzbestimmungen\/#primaryimage\"},\"thumbnailUrl\":\"https:\/\/drivejapan.travel\/wp-content\/uploads\/2024\/08\/sign-accent-1.png\",\"datePublished\":\"2024-07-26T17:42:13+00:00\",\"dateModified\":\"2024-08-14T07:03:22+00:00\",\"breadcrumb\":{\"@id\":\"https:\/\/drivejapan.travel\/de\/datenschutzbestimmungen\/#breadcrumb\"},\"inLanguage\":\"de\",\"potentialAction\":[{\"@type\":\"ReadAction\",\"target\":[\"https:\/\/drivejapan.travel\/de\/datenschutzbestimmungen\/\"]}]},{\"@type\":\"ImageObject\",\"inLanguage\":\"de\",\"@id\":\"https:\/\/drivejapan.travel\/de\/datenschutzbestimmungen\/#primaryimage\",\"url\":\"https:\/\/drivejapan.travel\/wp-content\/uploads\/2024\/08\/sign-accent-1.png\",\"contentUrl\":\"https:\/\/drivejapan.travel\/wp-content\/uploads\/2024\/08\/sign-accent-1.png\"},{\"@type\":\"BreadcrumbList\",\"@id\":\"https:\/\/drivejapan.travel\/de\/datenschutzbestimmungen\/#breadcrumb\",\"itemListElement\":[{\"@type\":\"ListItem\",\"position\":1,\"name\":\"Home\",\"item\":\"https:\/\/drivejapan.travel\/de\/startseite\/\"},{\"@type\":\"ListItem\",\"position\":2,\"name\":\"Datenschutzbestimmungen\"}]},{\"@type\":\"WebSite\",\"@id\":\"https:\/\/drivejapan.travel\/#website\",\"url\":\"https:\/\/drivejapan.travel\/\",\"name\":\"Drive Japan\",\"description\":\"Official Japanese Driver\u2019s License Translations\",\"publisher\":{\"@id\":\"https:\/\/drivejapan.travel\/#organization\"},\"potentialAction\":[{\"@type\":\"SearchAction\",\"target\":{\"@type\":\"EntryPoint\",\"urlTemplate\":\"https:\/\/drivejapan.travel\/?s={search_term_string}\"},\"query-input\":{\"@type\":\"PropertyValueSpecification\",\"valueRequired\":true,\"valueName\":\"search_term_string\"}}],\"inLanguage\":\"de\"},{\"@type\":\"Organization\",\"@id\":\"https:\/\/drivejapan.travel\/#organization\",\"name\":\"Drive Japan\",\"url\":\"https:\/\/drivejapan.travel\/\",\"logo\":{\"@type\":\"ImageObject\",\"inLanguage\":\"de\",\"@id\":\"https:\/\/drivejapan.travel\/#\/schema\/logo\/image\/\",\"url\":\"https:\/\/drivejapan.travel\/wp-content\/uploads\/2024\/08\/Asset-2.png\",\"contentUrl\":\"https:\/\/drivejapan.travel\/wp-content\/uploads\/2024\/08\/Asset-2.png\",\"width\":275,\"height\":199,\"caption\":\"Drive Japan\"},\"image\":{\"@id\":\"https:\/\/drivejapan.travel\/#\/schema\/logo\/image\/\"}}]}<\/script>\n<!-- \/ Yoast SEO plugin. -->","yoast_head_json":{"title":"Datenschutzbestimmungen - Drive Japan","robots":{"index":"index","follow":"follow","max-snippet":"max-snippet:-1","max-image-preview":"max-image-preview:large","max-video-preview":"max-video-preview:-1"},"canonical":"https:\/\/drivejapan.travel\/de\/datenschutzbestimmungen\/","og_locale":"de_DE","og_type":"article","og_title":"Datenschutzbestimmungen - Drive Japan","og_description":"[Datum des Inkrafttretens: 15.08.2024] Startseite Nachfolgend finden Sie die von Drive Japan festgelegten Datenschutzbestimmungen. Diese Datenschutzerkl\u00e4rung beschreibt die Art, den Umfang und den Zweck der Verarbeitung personenbezogener Daten (&#8220;Daten&#8221;) innerhalb unserer Online-Dienste, einschlie\u00dflich unserer Website, ihrer Funktionen und Inhalte sowie aller externen Online-Pr\u00e4senzen, wie z.B. unserer Social-Media-Profile (zusammenfassend als &#8220;Online-Dienste&#8221; bezeichnet). F\u00fcr Begriffe wie &#8220;Verarbeitung&#8221; [&hellip;]","og_url":"https:\/\/drivejapan.travel\/de\/datenschutzbestimmungen\/","og_site_name":"Drive Japan","article_modified_time":"2024-08-14T07:03:22+00:00","og_image":[{"url":"https:\/\/drivejapan.travel\/wp-content\/uploads\/2024\/08\/sign-accent-1.png"}],"twitter_card":"summary_large_image","twitter_misc":{"Gesch\u00e4tzte Lesezeit":"5\u00a0Minuten"},"schema":{"@context":"https:\/\/schema.org","@graph":[{"@type":"WebPage","@id":"https:\/\/drivejapan.travel\/de\/datenschutzbestimmungen\/","url":"https:\/\/drivejapan.travel\/de\/datenschutzbestimmungen\/","name":"Datenschutzbestimmungen - Drive Japan","isPartOf":{"@id":"https:\/\/drivejapan.travel\/#website"},"primaryImageOfPage":{"@id":"https:\/\/drivejapan.travel\/de\/datenschutzbestimmungen\/#primaryimage"},"image":{"@id":"https:\/\/drivejapan.travel\/de\/datenschutzbestimmungen\/#primaryimage"},"thumbnailUrl":"https:\/\/drivejapan.travel\/wp-content\/uploads\/2024\/08\/sign-accent-1.png","datePublished":"2024-07-26T17:42:13+00:00","dateModified":"2024-08-14T07:03:22+00:00","breadcrumb":{"@id":"https:\/\/drivejapan.travel\/de\/datenschutzbestimmungen\/#breadcrumb"},"inLanguage":"de","potentialAction":[{"@type":"ReadAction","target":["https:\/\/drivejapan.travel\/de\/datenschutzbestimmungen\/"]}]},{"@type":"ImageObject","inLanguage":"de","@id":"https:\/\/drivejapan.travel\/de\/datenschutzbestimmungen\/#primaryimage","url":"https:\/\/drivejapan.travel\/wp-content\/uploads\/2024\/08\/sign-accent-1.png","contentUrl":"https:\/\/drivejapan.travel\/wp-content\/uploads\/2024\/08\/sign-accent-1.png"},{"@type":"BreadcrumbList","@id":"https:\/\/drivejapan.travel\/de\/datenschutzbestimmungen\/#breadcrumb","itemListElement":[{"@type":"ListItem","position":1,"name":"Home","item":"https:\/\/drivejapan.travel\/de\/startseite\/"},{"@type":"ListItem","position":2,"name":"Datenschutzbestimmungen"}]},{"@type":"WebSite","@id":"https:\/\/drivejapan.travel\/#website","url":"https:\/\/drivejapan.travel\/","name":"Drive Japan","description":"Official Japanese Driver\u2019s License Translations","publisher":{"@id":"https:\/\/drivejapan.travel\/#organization"},"potentialAction":[{"@type":"SearchAction","target":{"@type":"EntryPoint","urlTemplate":"https:\/\/drivejapan.travel\/?s={search_term_string}"},"query-input":{"@type":"PropertyValueSpecification","valueRequired":true,"valueName":"search_term_string"}}],"inLanguage":"de"},{"@type":"Organization","@id":"https:\/\/drivejapan.travel\/#organization","name":"Drive Japan","url":"https:\/\/drivejapan.travel\/","logo":{"@type":"ImageObject","inLanguage":"de","@id":"https:\/\/drivejapan.travel\/#\/schema\/logo\/image\/","url":"https:\/\/drivejapan.travel\/wp-content\/uploads\/2024\/08\/Asset-2.png","contentUrl":"https:\/\/drivejapan.travel\/wp-content\/uploads\/2024\/08\/Asset-2.png","width":275,"height":199,"caption":"Drive Japan"},"image":{"@id":"https:\/\/drivejapan.travel\/#\/schema\/logo\/image\/"}}]}},"_links":{"self":[{"href":"https:\/\/drivejapan.travel\/de\/wp-json\/wp\/v2\/pages\/1558"}],"collection":[{"href":"https:\/\/drivejapan.travel\/de\/wp-json\/wp\/v2\/pages"}],"about":[{"href":"https:\/\/drivejapan.travel\/de\/wp-json\/wp\/v2\/types\/page"}],"author":[{"embeddable":true,"href":"https:\/\/drivejapan.travel\/de\/wp-json\/wp\/v2\/users\/1"}],"replies":[{"embeddable":true,"href":"https:\/\/drivejapan.travel\/de\/wp-json\/wp\/v2\/comments?post=1558"}],"version-history":[{"count":2,"href":"https:\/\/drivejapan.travel\/de\/wp-json\/wp\/v2\/pages\/1558\/revisions"}],"predecessor-version":[{"id":1563,"href":"https:\/\/drivejapan.travel\/de\/wp-json\/wp\/v2\/pages\/1558\/revisions\/1563"}],"wp:attachment":[{"href":"https:\/\/drivejapan.travel\/de\/wp-json\/wp\/v2\/media?parent=1558"}],"curies":[{"name":"wp","href":"https:\/\/api.w.org\/{rel}","templated":true}]}}